{"id":9883,"date":"2020-11-25T21:10:01","date_gmt":"2020-11-25T21:10:01","guid":{"rendered":"https:\/\/www.hiil.org\/confidentialite\/"},"modified":"2020-11-25T21:10:02","modified_gmt":"2020-11-25T21:10:02","slug":"confidentialite","status":"publish","type":"page","link":"https:\/\/www.hiil.org\/fr\/confidentialite\/","title":{"rendered":"Confidentialit\u00e9"},"content":{"rendered":"\t\t<div data-elementor-type=\"wp-page\" data-elementor-id=\"9883\" class=\"elementor elementor-9883 elementor-3139\" data-elementor-post-type=\"page\">\n\t\t\t\t\t\t<section class=\"elementor-section elementor-top-section elementor-element elementor-element-d3c489a elementor-section-boxed elementor-section-height-default elementor-section-height-default\" data-id=\"d3c489a\" data-element_type=\"section\" data-e-type=\"section\">\n\t\t\t\t\t\t<div class=\"elementor-container elementor-column-gap-default\">\n\t\t\t\t\t<div class=\"elementor-column elementor-col-100 elementor-top-column elementor-element elementor-element-33068ed\" data-id=\"33068ed\" data-element_type=\"column\" data-e-type=\"column\">\n\t\t\t<div class=\"elementor-widget-wrap elementor-element-populated\">\n\t\t\t\t\t\t<div class=\"elementor-element elementor-element-2d524b1 elementor-widget elementor-widget-heading\" data-id=\"2d524b1\" data-element_type=\"widget\" data-e-type=\"widget\" data-widget_type=\"heading.default\">\n\t\t\t\t<div class=\"elementor-widget-container\">\n\t\t\t\t\t<h1 class=\"elementor-heading-title elementor-size-default\">Confidentialit\u00e9<\/h1>\t\t\t\t<\/div>\n\t\t\t\t<\/div>\n\t\t\t\t<div class=\"elementor-element elementor-element-6f4f90c elementor-widget elementor-widget-text-editor\" data-id=\"6f4f90c\" data-element_type=\"widget\" data-e-type=\"widget\" data-widget_type=\"text-editor.default\">\n\t\t\t\t<div class=\"elementor-widget-container\">\n\t\t\t\t\t\t\t\t\t<p>Les pr\u00e9sentes conditions g\u00e9n\u00e9rales s\u2019appliquent \u00e0 tous les services fournis par l\u2019Institut de La Haye pour l&rsquo;innovation juridique (\u00abHiiL\u00bb) aux utilisateurs, ainsi qu\u2019\u00e0 tous les documents, informations, recommandations et services.<\/p>\n<h2><strong>1. G\u00e9n\u00e9ralit\u00e9s<\/strong><\/h2>\n<p>HiiL apporte le plus grand soin \u00e0 la compilation et \u00e0 la maintenance des informations fournies sur le site Web. Cependant, HiiL ne peut garantir que ces informations sont toujours parfaitement exactes, compl\u00e8tes et \u00e0 jour. Les documents adopt\u00e9s de l&rsquo;institut, tels qu&rsquo;un rapport annuel et le code de conduite, sont juridiquement valables. Les autres informations fournies sur ou par le biais de notre site Web sont donc exclusivement destin\u00e9es \u00e0 des informations g\u00e9n\u00e9rales et aucun droit ne peut en \u00eatre d\u00e9riv\u00e9.<\/p>\n<h2><strong>2. Liens de et vers d\u2019autres sites Web<\/strong><\/h2>\n<p>Ce site Web comprend des liens vers des sites Web et des fournisseurs externes. HiiL n&rsquo;est pas responsable de l&rsquo;utilisation ou du contenu des sites Web auxquels il est fait r\u00e9f\u00e9rence, ni des fournisseurs li\u00e9s au site Web de HiiL.<\/p>\n<h2><strong>3. Droits d\u2019auteur et propri\u00e9t\u00e9 intellectuelle<\/strong><\/h2>\n<p>Les droits d&rsquo;auteur de ce site Web et de toutes les informations qui y figurent appartiennent \u00e0 HiiL ou \u00e0 des tiers, qui ont mis ces \u00e9l\u00e9ments (visuels) \u00e0 la disposition de HiiL avec leur consentement. La copie ou la divulgation de mat\u00e9riel visuel d\u00e9riv\u00e9 du site Web (et de ses composants) par voie \u00e9lectronique ou autrement sans l&rsquo;autorisation pr\u00e9alable de HiiL, ne sont pas autoris\u00e9es.<\/p>\n<h2><strong>4. D\u00e9claration de confidentialit\u00e9<\/strong><\/h2>\n<p>HiiL attache une grande importance \u00e0 la protection de vos donn\u00e9es \u00e0 caract\u00e8re personnel. Dans la pr\u00e9sente d\u00e9claration de confidentialit\u00e9, nous fournissons des informations relatives \u00e0 la fa\u00e7on dont nous traitons les donn\u00e9es \u00e0 caract\u00e8re personnel. Nous mettons tout en \u0153uvre pour prot\u00e9ger votre vie priv\u00e9e et traitons donc les donn\u00e9es \u00e0 caract\u00e8re personnel avec le plus grand soin. HiiL se conforme aux lois et r\u00e9glementations applicables, y compris le r\u00e8glement g\u00e9n\u00e9ral sur la protection des donn\u00e9es (RGPD), dans tous les cas. Par cons\u00e9quent:<br \/>Vos donn\u00e9es \u00e0 caract\u00e8re personnel sont trait\u00e9es conform\u00e9ment aux fins auxquelles elles ont \u00e9t\u00e9 fournies. Cette fin et le type de donn\u00e9es \u00e0 caract\u00e8re personnel sont repris dans la pr\u00e9sente d\u00e9claration de confidentialit\u00e9.<br \/>L&rsquo;utilisation et\/ou le traitement de vos donn\u00e9es \u00e0 caract\u00e8re personnel restent limit\u00e9s exclusivement aux donn\u00e9es qui sont au minimum n\u00e9cessaires aux fins auxquelles elles sont fournies et\/ou trait\u00e9es.<br \/>Des mesures techniques et\/ou organisationnelles appropri\u00e9es ont \u00e9t\u00e9 prises pour garantir la s\u00e9curit\u00e9 de vos donn\u00e9es \u00e0 caract\u00e8re personnel.<br \/>Les donn\u00e9es \u00e0 caract\u00e8re personnel ne seront pas transmises \u00e0 d&rsquo;autres parties, sauf si cela est n\u00e9cessaire pour atteindre l&rsquo;objectif pour lequel elles ont \u00e9t\u00e9 fournies.<br \/>Nous sommes conscients de vos droits concernant vos donn\u00e9es \u00e0 caract\u00e8re personnel et nous avons l&rsquo;intention de vous en informer et de les respecter.<br \/>Google Analytics enregistrera votre adresse IP lorsque vous visiterez notre site Web. Par ce moyen, nous mesurons la fa\u00e7on dont notre site Web est utilis\u00e9. Google Analytics utilise des cookies et les visiteurs du site Web sont invit\u00e9s \u00e0 les accepter.<\/p>\n<h2><strong>\u00c0 quelles fins traitons-nous vos donn\u00e9es \u00e0 caract\u00e8re personnel?<\/strong><\/h2>\n<p>HiiL traite vos donn\u00e9es \u00e0 caract\u00e8re personnel aux fins suivantes:<\/p>\n<ul>\n<li>Pouvoir participer aux activit\u00e9s de HiiL;<\/li>\n<li>Pour envoyer des newsletters et invitations;<\/li>\n<li>Pour envoyer des e-mails professionnels sp\u00e9cifiques, en fonction du domaine d\u2019activit\u00e9.<\/li>\n<\/ul>\n<p>Nous pouvons vous demander les donn\u00e9es \u00e0 caract\u00e8re personnel suivantes pour les fins susmentionn\u00e9es:<\/p>\n<ul>\n<li>Pr\u00e9nom;<\/li>\n<li>Pr\u00e9fixe(s) du nom;<\/li>\n<li>Nom;<\/li>\n<li>Adresse e-mail;<\/li>\n<li>Num\u00e9ro de t\u00e9l\u00e9phone;<\/li>\n<li>Titre de fonction et organisation.<\/li>\n<\/ul>\n<h2><strong>Transfert aux tiers<\/strong><\/h2>\n<p>Nous pouvons transf\u00e9rer les donn\u00e9es que vous nous fournissez \u00e0 des tiers si cela est n\u00e9cessaire pour atteindre les objectifs susmentionn\u00e9s.<\/p>\n<h2><strong>D\u00e9lai de conservation<\/strong><\/h2>\n<p>HiiL ne conservera pas les donn\u00e9es \u00e0 caract\u00e8re personnel plus longtemps que n\u00e9cessaire aux fins auxquelles elles ont \u00e9t\u00e9 fournies ou que ce qui est requis par la loi. La participation aux activit\u00e9s sera archiv\u00e9e pour \u00eatre utilis\u00e9e dans les activit\u00e9s de suivi convenues et \u00e0 des fins d&rsquo;\u00e9valuation interne potentielle. HiiL ne conservera pas vos donn\u00e9es plus de deux ans.<\/p>\n<h2><strong>S\u00e9curit\u00e9<\/strong><\/h2>\n<p>Nous avons pris des mesures techniques et organisationnelles appropri\u00e9es pour prot\u00e9ger vos donn\u00e9es \u00e0 caract\u00e8re personnel contre un traitement illicite. Ainsi, nous avons pris les mesures suivantes:<\/p>\n<ul>\n<li>Toutes les personnes qui peuvent prendre connaissance de vos donn\u00e9es au nom de HiiL sont tenues de les garder confidentielles.<\/li>\n<li>Une politique de nom d&rsquo;utilisateur et de mot de passe est en vigueur sur tous nos syst\u00e8mes.<\/li>\n<li>Des sauvegardes des donn\u00e9es \u00e0 caract\u00e8re personnel sont effectu\u00e9es afin de les restaurer en cas d&rsquo;incidents physiques ou techniques.<\/li>\n<li>Nos employ\u00e9s ont \u00e9t\u00e9 inform\u00e9s de l&rsquo;importance de la protection des donn\u00e9es \u00e0 caract\u00e8re personnel.<\/li>\n<\/ul>\n<p>Nous, HiiL, sommes responsables du traitement de vos donn\u00e9es \u00e0 caract\u00e8re personnel. Si vous souhaitez soumettre des questions \u00e0 la suite de l&rsquo;examen de notre d\u00e9claration de confidentialit\u00e9 ou des questions plus g\u00e9n\u00e9rales ou si vous souhaitez nous contacter, vous pouvez le faire via\u00a0<a href=\"mailto:privacy@hiil.org\">privacy@hiil.org<\/a>. Vous pouvez \u00e9galement nous contacter \u00e0 cette adresse si vous souhaitez consulter les donn\u00e9es que nous conservons \u00e0 votre sujet ou les faire corriger ou supprimer.<\/p>\n<h2><strong>Plaintes<\/strong><\/h2>\n<p>Veuillez nous contacter si vous avez une plainte quant au traitement de vos donn\u00e9es \u00e0 caract\u00e8re personnel. Vous conservez toujours le droit de d\u00e9poser une plainte aupr\u00e8s de l&rsquo;Agence n\u00e9erlandaise de protection des donn\u00e9es (DPA), l&rsquo;autorit\u00e9 de contr\u00f4le de la vie priv\u00e9e.<\/p>\n<h2><strong>Cookie<\/strong><\/h2>\n<p>Notre site Web utilise des cookies n\u00e9cessaires \u00e0 son fonctionnement et ils ne peuvent pas \u00eatre d\u00e9sactiv\u00e9s dans nos syst\u00e8mes. Ils ne sont g\u00e9n\u00e9ralement d\u00e9finis qu&rsquo;en r\u00e9ponse \u00e0 des actions que vous avez effectu\u00e9es et qui correspondent \u00e0 une demande de services, tels que la d\u00e9finition de vos pr\u00e9f\u00e9rences de confidentialit\u00e9, la connexion ou le remplissage de formulaires. Vous pouvez configurer votre navigateur pour qu&rsquo;il bloque ces cookies ou vous en avertisse, mais certaines parties du site ne fonctionneront alors pas. Ces cookies n&rsquo;enregistrent aucune information personnellement identifiable.<\/p>\n<p>Cookies utilis\u00e9s:<\/p>\n<ul>\n<li><em>PHPSESSID\u00a0: non tra\u00e7ant, expire lorsque la session active est ferm\u00e9e<\/em><\/li>\n<li><em>Langue\u00a0: non tra\u00e7ant, se souvient de la langue s\u00e9lectionn\u00e9e pour une prochaine visite, expire dans un d\u00e9lai d\u2019un mois<\/em><\/li>\n<li><em>viewed_cookie_policy\u00a0: se souvient des param\u00e8tres de consentement des cookies.<\/em><\/li>\n<\/ul>\n<p>D\u00e9fini par Google Tag Manager et Google Analytics:<\/p>\n<ul>\n<li><em>_ga,<\/em><\/li>\n<li><em>_gcl_au,<\/em><\/li>\n<li><em>_gid.<\/em><\/li>\n<\/ul>\n<h3><strong>Comment \u00e9viter l\u2019installation de cookies?<\/strong><\/h3>\n<p>La d\u00e9sactivation des cookies n&rsquo;a d&rsquo;effet que sur le p\u00e9riph\u00e9rique sur lequel vous les d\u00e9sactivez. Si vous utilisez plus d&rsquo;un p\u00e9riph\u00e9rique, vous devrez r\u00e9p\u00e9ter les actions pour d\u00e9sactiver les cookies. Comment d\u00e9sactiver les cookies\u00a0:\u00a0<a href=\"http:\/\/windows.microsoft.com\/nl-NL\/windows-vista\/Block-or-allow-cookies\">Internet Explorer<\/a>\u00a0\/\u00a0<a href=\"http:\/\/support.mozilla.org\/nl\/kb\/cookies-informatie-websites-op-uw-computer-opslaan\">Firefox<\/a>\u00a0\/\u00a0<a href=\"http:\/\/support.apple.com\/kb\/PH5042\">Safari<\/a>\u00a0\/\u00a0<a href=\"http:\/\/support.google.com\/chrome\/bin\/answer.py?hl=nl&amp;answer=95647\">Chrome<\/a>.<\/p>\n\t\t\t\t\t\t\t\t<\/div>\n\t\t\t\t<\/div>\n\t\t\t\t\t<\/div>\n\t\t<\/div>\n\t\t\t\t\t<\/div>\n\t\t<\/section>\n\t\t\t\t<\/div>\n\t\t","protected":false},"excerpt":{"rendered":"<p>Confidentialit\u00e9 Les pr\u00e9sentes conditions g\u00e9n\u00e9rales s\u2019appliquent \u00e0 tous les services fournis par l\u2019Institut de La Haye pour l&rsquo;innovation juridique (\u00abHiiL\u00bb) aux utilisateurs, ainsi qu\u2019\u00e0 tous les documents, informations, recommandations et services. 1. G\u00e9n\u00e9ralit\u00e9s HiiL apporte le plus grand soin \u00e0 la compilation et \u00e0 la maintenance des informations fournies sur le site Web. Cependant, HiiL [&hellip;]<\/p>\n","protected":false},"author":1,"featured_media":0,"parent":0,"menu_order":63,"comment_status":"closed","ping_status":"closed","template":"hiil-sub-subpage.php","meta":{"_acf_changed":false,"footnotes":""},"class_list":["post-9883","page","type-page","status-publish","hentry"],"acf":[],"yoast_head":"<!-- This site is optimized with the Yoast SEO plugin v27.3 - https:\/\/yoast.com\/product\/yoast-seo-wordpress\/ -->\n<title>Confidentialit\u00e9 - HiiL<\/title>\n<meta name=\"robots\" content=\"index, follow, max-snippet:-1, max-image-preview:large, max-video-preview:-1\" \/>\n<link rel=\"canonical\" href=\"https:\/\/www.hiil.org\/fr\/confidentialite\/\" \/>\n<meta property=\"og:locale\" content=\"fr_FR\" \/>\n<meta property=\"og:type\" content=\"article\" \/>\n<meta property=\"og:title\" content=\"Confidentialit\u00e9 - HiiL\" \/>\n<meta property=\"og:description\" content=\"Confidentialit\u00e9 Les pr\u00e9sentes conditions g\u00e9n\u00e9rales s\u2019appliquent \u00e0 tous les services fournis par l\u2019Institut de La Haye pour l&rsquo;innovation juridique (\u00abHiiL\u00bb) aux utilisateurs, ainsi qu\u2019\u00e0 tous les documents, informations, recommandations et services. 1. G\u00e9n\u00e9ralit\u00e9s HiiL apporte le plus grand soin \u00e0 la compilation et \u00e0 la maintenance des informations fournies sur le site Web. Cependant, HiiL [&hellip;]\" \/>\n<meta property=\"og:url\" content=\"https:\/\/www.hiil.org\/fr\/confidentialite\/\" \/>\n<meta property=\"og:site_name\" content=\"HiiL\" \/>\n<meta property=\"article:publisher\" content=\"https:\/\/www.facebook.com\/UserFriendlyJustice\/\" \/>\n<meta property=\"article:modified_time\" content=\"2020-11-25T21:10:02+00:00\" \/>\n<meta name=\"twitter:card\" content=\"summary_large_image\" \/>\n<meta name=\"twitter:site\" content=\"@InnoJustice\" \/>\n<meta name=\"twitter:label1\" content=\"Dur\u00e9e de lecture estim\u00e9e\" \/>\n\t<meta name=\"twitter:data1\" content=\"6 minutes\" \/>\n<script type=\"application\/ld+json\" class=\"yoast-schema-graph\">{\"@context\":\"https:\\\/\\\/schema.org\",\"@graph\":[{\"@type\":\"WebPage\",\"@id\":\"https:\\\/\\\/www.hiil.org\\\/fr\\\/confidentialite\\\/\",\"url\":\"https:\\\/\\\/www.hiil.org\\\/fr\\\/confidentialite\\\/\",\"name\":\"Confidentialit\u00e9 - HiiL\",\"isPartOf\":{\"@id\":\"https:\\\/\\\/www.hiil.org\\\/fr\\\/#website\"},\"datePublished\":\"2020-11-25T21:10:01+00:00\",\"dateModified\":\"2020-11-25T21:10:02+00:00\",\"breadcrumb\":{\"@id\":\"https:\\\/\\\/www.hiil.org\\\/fr\\\/confidentialite\\\/#breadcrumb\"},\"inLanguage\":\"fr-FR\",\"potentialAction\":[{\"@type\":\"ReadAction\",\"target\":[\"https:\\\/\\\/www.hiil.org\\\/fr\\\/confidentialite\\\/\"]}]},{\"@type\":\"BreadcrumbList\",\"@id\":\"https:\\\/\\\/www.hiil.org\\\/fr\\\/confidentialite\\\/#breadcrumb\",\"itemListElement\":[{\"@type\":\"ListItem\",\"position\":1,\"name\":\"Home\",\"item\":\"https:\\\/\\\/www.hiil.org\\\/fr\\\/\"},{\"@type\":\"ListItem\",\"position\":2,\"name\":\"Confidentialit\u00e9\"}]},{\"@type\":\"WebSite\",\"@id\":\"https:\\\/\\\/www.hiil.org\\\/fr\\\/#website\",\"url\":\"https:\\\/\\\/www.hiil.org\\\/fr\\\/\",\"name\":\"HiiL\",\"description\":\"Pour une justice ax\u00e9e sur les personnes\",\"publisher\":{\"@id\":\"https:\\\/\\\/www.hiil.org\\\/fr\\\/#organization\"},\"potentialAction\":[{\"@type\":\"SearchAction\",\"target\":{\"@type\":\"EntryPoint\",\"urlTemplate\":\"https:\\\/\\\/www.hiil.org\\\/fr\\\/?s={search_term_string}\"},\"query-input\":{\"@type\":\"PropertyValueSpecification\",\"valueRequired\":true,\"valueName\":\"search_term_string\"}}],\"inLanguage\":\"fr-FR\"},{\"@type\":\"Organization\",\"@id\":\"https:\\\/\\\/www.hiil.org\\\/fr\\\/#organization\",\"name\":\"HiiL\",\"url\":\"https:\\\/\\\/www.hiil.org\\\/fr\\\/\",\"logo\":{\"@type\":\"ImageObject\",\"inLanguage\":\"fr-FR\",\"@id\":\"https:\\\/\\\/www.hiil.org\\\/fr\\\/#\\\/schema\\\/logo\\\/image\\\/\",\"url\":\"https:\\\/\\\/www.hiil.org\\\/wp-content\\\/uploads\\\/2018\\\/06\\\/temp_logo-e1528749988588.png\",\"contentUrl\":\"https:\\\/\\\/www.hiil.org\\\/wp-content\\\/uploads\\\/2018\\\/06\\\/temp_logo-e1528749988588.png\",\"width\":112,\"height\":67,\"caption\":\"HiiL\"},\"image\":{\"@id\":\"https:\\\/\\\/www.hiil.org\\\/fr\\\/#\\\/schema\\\/logo\\\/image\\\/\"},\"sameAs\":[\"https:\\\/\\\/www.facebook.com\\\/UserFriendlyJustice\\\/\",\"https:\\\/\\\/x.com\\\/InnoJustice\",\"https:\\\/\\\/www.instagram.com\\\/userfriendlyjustice\\\/\",\"https:\\\/\\\/www.linkedin.com\\\/company\\\/hiil-hague-institute-for-internationalisation-of-law\\\/\"]}]}<\/script>\n<!-- \/ Yoast SEO plugin. -->","yoast_head_json":{"title":"Confidentialit\u00e9 - HiiL","robots":{"index":"index","follow":"follow","max-snippet":"max-snippet:-1","max-image-preview":"max-image-preview:large","max-video-preview":"max-video-preview:-1"},"canonical":"https:\/\/www.hiil.org\/fr\/confidentialite\/","og_locale":"fr_FR","og_type":"article","og_title":"Confidentialit\u00e9 - HiiL","og_description":"Confidentialit\u00e9 Les pr\u00e9sentes conditions g\u00e9n\u00e9rales s\u2019appliquent \u00e0 tous les services fournis par l\u2019Institut de La Haye pour l&rsquo;innovation juridique (\u00abHiiL\u00bb) aux utilisateurs, ainsi qu\u2019\u00e0 tous les documents, informations, recommandations et services. 1. G\u00e9n\u00e9ralit\u00e9s HiiL apporte le plus grand soin \u00e0 la compilation et \u00e0 la maintenance des informations fournies sur le site Web. Cependant, HiiL [&hellip;]","og_url":"https:\/\/www.hiil.org\/fr\/confidentialite\/","og_site_name":"HiiL","article_publisher":"https:\/\/www.facebook.com\/UserFriendlyJustice\/","article_modified_time":"2020-11-25T21:10:02+00:00","twitter_card":"summary_large_image","twitter_site":"@InnoJustice","twitter_misc":{"Dur\u00e9e de lecture estim\u00e9e":"6 minutes"},"schema":{"@context":"https:\/\/schema.org","@graph":[{"@type":"WebPage","@id":"https:\/\/www.hiil.org\/fr\/confidentialite\/","url":"https:\/\/www.hiil.org\/fr\/confidentialite\/","name":"Confidentialit\u00e9 - HiiL","isPartOf":{"@id":"https:\/\/www.hiil.org\/fr\/#website"},"datePublished":"2020-11-25T21:10:01+00:00","dateModified":"2020-11-25T21:10:02+00:00","breadcrumb":{"@id":"https:\/\/www.hiil.org\/fr\/confidentialite\/#breadcrumb"},"inLanguage":"fr-FR","potentialAction":[{"@type":"ReadAction","target":["https:\/\/www.hiil.org\/fr\/confidentialite\/"]}]},{"@type":"BreadcrumbList","@id":"https:\/\/www.hiil.org\/fr\/confidentialite\/#breadcrumb","itemListElement":[{"@type":"ListItem","position":1,"name":"Home","item":"https:\/\/www.hiil.org\/fr\/"},{"@type":"ListItem","position":2,"name":"Confidentialit\u00e9"}]},{"@type":"WebSite","@id":"https:\/\/www.hiil.org\/fr\/#website","url":"https:\/\/www.hiil.org\/fr\/","name":"HiiL","description":"Pour une justice ax\u00e9e sur les personnes","publisher":{"@id":"https:\/\/www.hiil.org\/fr\/#organization"},"potentialAction":[{"@type":"SearchAction","target":{"@type":"EntryPoint","urlTemplate":"https:\/\/www.hiil.org\/fr\/?s={search_term_string}"},"query-input":{"@type":"PropertyValueSpecification","valueRequired":true,"valueName":"search_term_string"}}],"inLanguage":"fr-FR"},{"@type":"Organization","@id":"https:\/\/www.hiil.org\/fr\/#organization","name":"HiiL","url":"https:\/\/www.hiil.org\/fr\/","logo":{"@type":"ImageObject","inLanguage":"fr-FR","@id":"https:\/\/www.hiil.org\/fr\/#\/schema\/logo\/image\/","url":"https:\/\/www.hiil.org\/wp-content\/uploads\/2018\/06\/temp_logo-e1528749988588.png","contentUrl":"https:\/\/www.hiil.org\/wp-content\/uploads\/2018\/06\/temp_logo-e1528749988588.png","width":112,"height":67,"caption":"HiiL"},"image":{"@id":"https:\/\/www.hiil.org\/fr\/#\/schema\/logo\/image\/"},"sameAs":["https:\/\/www.facebook.com\/UserFriendlyJustice\/","https:\/\/x.com\/InnoJustice","https:\/\/www.instagram.com\/userfriendlyjustice\/","https:\/\/www.linkedin.com\/company\/hiil-hague-institute-for-internationalisation-of-law\/"]}]}},"_links":{"self":[{"href":"https:\/\/www.hiil.org\/fr\/wp-json\/wp\/v2\/pages\/9883","targetHints":{"allow":["GET"]}}],"collection":[{"href":"https:\/\/www.hiil.org\/fr\/wp-json\/wp\/v2\/pages"}],"about":[{"href":"https:\/\/www.hiil.org\/fr\/wp-json\/wp\/v2\/types\/page"}],"author":[{"embeddable":true,"href":"https:\/\/www.hiil.org\/fr\/wp-json\/wp\/v2\/users\/1"}],"replies":[{"embeddable":true,"href":"https:\/\/www.hiil.org\/fr\/wp-json\/wp\/v2\/comments?post=9883"}],"version-history":[{"count":1,"href":"https:\/\/www.hiil.org\/fr\/wp-json\/wp\/v2\/pages\/9883\/revisions"}],"predecessor-version":[{"id":9884,"href":"https:\/\/www.hiil.org\/fr\/wp-json\/wp\/v2\/pages\/9883\/revisions\/9884"}],"wp:attachment":[{"href":"https:\/\/www.hiil.org\/fr\/wp-json\/wp\/v2\/media?parent=9883"}],"curies":[{"name":"wp","href":"https:\/\/api.w.org\/{rel}","templated":true}]}}