{"id":9871,"date":"2020-11-25T20:38:02","date_gmt":"2020-11-25T20:38:02","guid":{"rendered":"https:\/\/www.hiil.org\/rejoignez-notre-equipe\/"},"modified":"2020-11-25T20:38:03","modified_gmt":"2020-11-25T20:38:03","slug":"rejoignez-notre-equipe","status":"publish","type":"page","link":"https:\/\/www.hiil.org\/fr\/rejoignez-notre-equipe\/","title":{"rendered":"Rejoignez notre \u00e9quipe"},"content":{"rendered":"\t\t<div data-elementor-type=\"wp-page\" data-elementor-id=\"9871\" class=\"elementor elementor-9871 elementor-277\" data-elementor-post-type=\"page\">\n\t\t\t\t\t\t<section class=\"elementor-section elementor-top-section elementor-element elementor-element-a0b7da1 elementor-section-boxed elementor-section-height-default elementor-section-height-default\" data-id=\"a0b7da1\" data-element_type=\"section\" data-e-type=\"section\">\n\t\t\t\t\t\t<div class=\"elementor-container elementor-column-gap-default\">\n\t\t\t\t\t<div class=\"elementor-column elementor-col-100 elementor-top-column elementor-element elementor-element-9800e52\" data-id=\"9800e52\" data-element_type=\"column\" data-e-type=\"column\">\n\t\t\t<div class=\"elementor-widget-wrap elementor-element-populated\">\n\t\t\t\t\t\t<div class=\"elementor-element elementor-element-f35aa55 elementor-widget elementor-widget-heading\" data-id=\"f35aa55\" data-element_type=\"widget\" data-e-type=\"widget\" data-widget_type=\"heading.default\">\n\t\t\t\t<div class=\"elementor-widget-container\">\n\t\t\t\t\t<h1 class=\"elementor-heading-title elementor-size-default\">Rejoignez notre \u00e9quipe<\/h1>\t\t\t\t<\/div>\n\t\t\t\t<\/div>\n\t\t\t\t<div class=\"elementor-element elementor-element-caabd44 elementor-widget elementor-widget-text-editor\" data-id=\"caabd44\" data-element_type=\"widget\" data-e-type=\"widget\" data-widget_type=\"text-editor.default\">\n\t\t\t\t<div class=\"elementor-widget-container\">\n\t\t\t\t\t\t\t\t\t<p>HiiL est un employeur international qui promeut l&rsquo;\u00e9galit\u00e9 des chances. Nous nous int\u00e9ressons aux talents avec une mentalit\u00e9 internationale provenant de divers horizons culturels et professionnels pour renforcer notre\u00a0<a href=\"\/fr\/notre-equipe\/\">\u00e9quipe professionnelle<\/a>. Nous recherchons des candidats \u00e9nergiques et autonomes qui ont les capacit\u00e9s et la volont\u00e9 de faire une diff\u00e9rence et de faire partie d&rsquo;un environnement jeune, en constant apprentissage et d\u00e9veloppement.<\/p>\n<p>Si ceci fait r\u00e9sonner quelque chose en vous,\u00a0rejoignez notre\u00a0<a href=\"\/fr\/notre-equipe\/\">\u00e9quipe<\/a> internationale et dynamique!<\/p>\n\t\t\t\t\t\t\t\t<\/div>\n\t\t\t\t<\/div>\n\t\t\t\t\t<\/div>\n\t\t<\/div>\n\t\t\t\t\t<\/div>\n\t\t<\/section>\n\t\t\t\t<section class=\"elementor-section elementor-top-section elementor-element elementor-element-7974783 elementor-section-stretched elementor-section-full_width elementor-section-height-default elementor-section-height-default\" data-id=\"7974783\" data-element_type=\"section\" data-e-type=\"section\" data-settings=\"{&quot;stretch_section&quot;:&quot;section-stretched&quot;,&quot;background_background&quot;:&quot;classic&quot;}\">\n\t\t\t\t\t\t<div class=\"elementor-container elementor-column-gap-default\">\n\t\t\t\t\t<div class=\"elementor-column elementor-col-100 elementor-top-column elementor-element elementor-element-7605270\" data-id=\"7605270\" data-element_type=\"column\" data-e-type=\"column\">\n\t\t\t<div class=\"elementor-widget-wrap elementor-element-populated\">\n\t\t\t\t\t\t<div class=\"elementor-element elementor-element-1b5c0a8 elementor-widget elementor-widget-text-editor\" data-id=\"1b5c0a8\" data-element_type=\"widget\" data-e-type=\"widget\" data-widget_type=\"text-editor.default\">\n\t\t\t\t<div class=\"elementor-widget-container\">\n\t\t\t\t\t\t\t\t\t<p>Vous voulez rejoindre notre \u00e9quipe?<\/p>\n\t\t\t\t\t\t\t\t<\/div>\n\t\t\t\t<\/div>\n\t\t\t\t<div class=\"elementor-element elementor-element-8898054 elementor-widget elementor-widget-spacer\" data-id=\"8898054\" data-element_type=\"widget\" data-e-type=\"widget\" data-widget_type=\"spacer.default\">\n\t\t\t\t<div class=\"elementor-widget-container\">\n\t\t\t\t\t\t\t<div class=\"elementor-spacer\">\n\t\t\t<div class=\"elementor-spacer-inner\"><\/div>\n\t\t<\/div>\n\t\t\t\t\t\t<\/div>\n\t\t\t\t<\/div>\n\t\t\t\t<section class=\"elementor-section elementor-inner-section elementor-element elementor-element-2bf0ce6 elementor-section-content-middle elementor-section-boxed elementor-section-height-default elementor-section-height-default\" data-id=\"2bf0ce6\" data-element_type=\"section\" data-e-type=\"section\">\n\t\t\t\t\t\t<div class=\"elementor-container elementor-column-gap-default\">\n\t\t\t\t\t<div class=\"elementor-column elementor-col-100 elementor-inner-column elementor-element elementor-element-d7b4295\" data-id=\"d7b4295\" data-element_type=\"column\" data-e-type=\"column\">\n\t\t\t<div class=\"elementor-widget-wrap\">\n\t\t\t\t\t\t\t<\/div>\n\t\t<\/div>\n\t\t\t\t\t<\/div>\n\t\t<\/section>\n\t\t\t\t<section class=\"elementor-section elementor-inner-section elementor-element elementor-element-9bf49b0 elementor-section-content-middle elementor-section-boxed elementor-section-height-default elementor-section-height-default\" data-id=\"9bf49b0\" data-element_type=\"section\" data-e-type=\"section\">\n\t\t\t\t\t\t<div class=\"elementor-container elementor-column-gap-default\">\n\t\t\t\t\t<div class=\"elementor-column elementor-col-100 elementor-inner-column elementor-element elementor-element-3fa8ad5\" data-id=\"3fa8ad5\" data-element_type=\"column\" data-e-type=\"column\">\n\t\t\t<div class=\"elementor-widget-wrap elementor-element-populated\">\n\t\t\t\t\t\t<div class=\"elementor-element elementor-element-4d41910 elementor-widget elementor-widget-button\" data-id=\"4d41910\" data-element_type=\"widget\" data-e-type=\"widget\" data-widget_type=\"button.default\">\n\t\t\t\t<div class=\"elementor-widget-container\">\n\t\t\t\t\t\t\t\t\t<div class=\"elementor-button-wrapper\">\n\t\t\t\t\t<a class=\"elementor-button elementor-button-link elementor-size-sm\" href=\"https:\/\/recruitment.portal.hiil.org\/\">\n\t\t\t\t\t\t<span class=\"elementor-button-content-wrapper\">\n\t\t\t\t\t\t\t\t\t<span class=\"elementor-button-text\">EMPLOIS<\/span>\n\t\t\t\t\t<\/span>\n\t\t\t\t\t<\/a>\n\t\t\t\t<\/div>\n\t\t\t\t\t\t\t\t<\/div>\n\t\t\t\t<\/div>\n\t\t\t\t\t<\/div>\n\t\t<\/div>\n\t\t\t\t\t<\/div>\n\t\t<\/section>\n\t\t\t\t\t<\/div>\n\t\t<\/div>\n\t\t\t\t\t<\/div>\n\t\t<\/section>\n\t\t\t\t<section class=\"elementor-section elementor-top-section elementor-element elementor-element-22b325e elementor-section-stretched elementor-section-full_width elementor-section-height-default elementor-section-height-default\" data-id=\"22b325e\" data-element_type=\"section\" data-e-type=\"section\" data-settings=\"{&quot;stretch_section&quot;:&quot;section-stretched&quot;}\">\n\t\t\t\t\t\t<div class=\"elementor-container elementor-column-gap-no\">\n\t\t\t\t\t<div class=\"elementor-column elementor-col-100 elementor-top-column elementor-element elementor-element-9a56d01\" data-id=\"9a56d01\" data-element_type=\"column\" data-e-type=\"column\">\n\t\t\t<div class=\"elementor-widget-wrap elementor-element-populated\">\n\t\t\t\t\t\t<section class=\"elementor-section elementor-inner-section elementor-element elementor-element-fd23cb0 elementor-section-full_width elementor-section-height-default elementor-section-height-default\" data-id=\"fd23cb0\" data-element_type=\"section\" data-e-type=\"section\">\n\t\t\t\t\t\t<div class=\"elementor-container elementor-column-gap-no\">\n\t\t\t\t\t<div class=\"elementor-column elementor-col-50 elementor-inner-column elementor-element elementor-element-bf7fab5 photocolumn\" data-id=\"bf7fab5\" data-element_type=\"column\" data-e-type=\"column\" data-settings=\"{&quot;background_background&quot;:&quot;classic&quot;}\">\n\t\t\t<div class=\"elementor-widget-wrap elementor-element-populated\">\n\t\t\t\t\t\t\t<\/div>\n\t\t<\/div>\n\t\t\t\t<div class=\"elementor-column elementor-col-50 elementor-inner-column elementor-element elementor-element-1474643\" data-id=\"1474643\" data-element_type=\"column\" data-e-type=\"column\">\n\t\t\t<div class=\"elementor-widget-wrap elementor-element-populated\">\n\t\t\t\t\t\t<div class=\"elementor-element elementor-element-13c8890 elementor-widget elementor-widget-heading\" data-id=\"13c8890\" data-element_type=\"widget\" data-e-type=\"widget\" data-widget_type=\"heading.default\">\n\t\t\t\t<div class=\"elementor-widget-container\">\n\t\t\t\t\t<h3 class=\"elementor-heading-title elementor-size-default\">Notre \u00e9quipe, nos valeurs<\/h3>\t\t\t\t<\/div>\n\t\t\t\t<\/div>\n\t\t\t\t<section class=\"elementor-section elementor-inner-section elementor-element elementor-element-a04172b elementor-section-boxed elementor-section-height-default elementor-section-height-default\" data-id=\"a04172b\" data-element_type=\"section\" data-e-type=\"section\">\n\t\t\t\t\t\t<div class=\"elementor-container elementor-column-gap-wider\">\n\t\t\t\t\t<div class=\"elementor-column elementor-col-50 elementor-inner-column elementor-element elementor-element-b358dcd\" data-id=\"b358dcd\" data-element_type=\"column\" data-e-type=\"column\">\n\t\t\t<div class=\"elementor-widget-wrap elementor-element-populated\">\n\t\t\t\t\t\t<div class=\"elementor-element elementor-element-fbf3659 elementor-position-left elementor-vertical-align-top elementor-widget elementor-widget-image-box\" data-id=\"fbf3659\" data-element_type=\"widget\" data-e-type=\"widget\" data-widget_type=\"image-box.default\">\n\t\t\t\t<div class=\"elementor-widget-container\">\n\t\t\t\t\t<div class=\"elementor-image-box-wrapper\"><figure class=\"elementor-image-box-img\"><img decoding=\"async\" width=\"44\" height=\"43\" src=\"https:\/\/www.hiil.org\/wp-content\/uploads\/2019\/09\/values-01.svg\" class=\"attachment-full size-full wp-image-8696\" alt=\"\" \/><\/figure><div class=\"elementor-image-box-content\"><p class=\"elementor-image-box-title\">Nous pr\u00f4nons la diversit\u00e9<\/p><p class=\"elementor-image-box-description\">Nous valorisons les diff\u00e9rences. Nous cr\u00e9ons un espace pour des voix et des exp\u00e9riences diverses et vari\u00e9es.<\/p><\/div><\/div>\t\t\t\t<\/div>\n\t\t\t\t<\/div>\n\t\t\t\t\t<\/div>\n\t\t<\/div>\n\t\t\t\t<div class=\"elementor-column elementor-col-50 elementor-inner-column elementor-element elementor-element-b13fc9f\" data-id=\"b13fc9f\" data-element_type=\"column\" data-e-type=\"column\">\n\t\t\t<div class=\"elementor-widget-wrap elementor-element-populated\">\n\t\t\t\t\t\t<div class=\"elementor-element elementor-element-09b5c01 elementor-position-left elementor-vertical-align-top elementor-widget elementor-widget-image-box\" data-id=\"09b5c01\" data-element_type=\"widget\" data-e-type=\"widget\" data-widget_type=\"image-box.default\">\n\t\t\t\t<div class=\"elementor-widget-container\">\n\t\t\t\t\t<div class=\"elementor-image-box-wrapper\"><figure class=\"elementor-image-box-img\"><img decoding=\"async\" width=\"44\" height=\"43\" src=\"https:\/\/www.hiil.org\/wp-content\/uploads\/2019\/09\/values-02.svg\" class=\"attachment-full size-full wp-image-8697\" alt=\"\" \/><\/figure><div class=\"elementor-image-box-content\"><p class=\"elementor-image-box-title\">Nous sommes authentiques <\/p><p class=\"elementor-image-box-description\">Nous sommes profond\u00e9ment ancr\u00e9s dans la r\u00e9alit\u00e9 d\u2019un espace juridique complexe. Nous d\u00e9pla\u00e7ons les r\u00e9alit\u00e9s.<\/p><\/div><\/div>\t\t\t\t<\/div>\n\t\t\t\t<\/div>\n\t\t\t\t\t<\/div>\n\t\t<\/div>\n\t\t\t\t\t<\/div>\n\t\t<\/section>\n\t\t\t\t<section class=\"elementor-section elementor-inner-section elementor-element elementor-element-5d9b14f elementor-section-boxed elementor-section-height-default elementor-section-height-default\" data-id=\"5d9b14f\" data-element_type=\"section\" data-e-type=\"section\">\n\t\t\t\t\t\t<div class=\"elementor-container elementor-column-gap-wider\">\n\t\t\t\t\t<div class=\"elementor-column elementor-col-50 elementor-inner-column elementor-element elementor-element-7cce2ce\" data-id=\"7cce2ce\" data-element_type=\"column\" data-e-type=\"column\">\n\t\t\t<div class=\"elementor-widget-wrap elementor-element-populated\">\n\t\t\t\t\t\t<div class=\"elementor-element elementor-element-9fc32b3 elementor-widget elementor-widget-spacer\" data-id=\"9fc32b3\" data-element_type=\"widget\" data-e-type=\"widget\" data-widget_type=\"spacer.default\">\n\t\t\t\t<div class=\"elementor-widget-container\">\n\t\t\t\t\t\t\t<div class=\"elementor-spacer\">\n\t\t\t<div class=\"elementor-spacer-inner\"><\/div>\n\t\t<\/div>\n\t\t\t\t\t\t<\/div>\n\t\t\t\t<\/div>\n\t\t\t\t<div class=\"elementor-element elementor-element-6ee43f6 elementor-position-left elementor-vertical-align-top elementor-widget elementor-widget-image-box\" data-id=\"6ee43f6\" data-element_type=\"widget\" data-e-type=\"widget\" data-widget_type=\"image-box.default\">\n\t\t\t\t<div class=\"elementor-widget-container\">\n\t\t\t\t\t<div class=\"elementor-image-box-wrapper\"><figure class=\"elementor-image-box-img\"><img decoding=\"async\" width=\"44\" height=\"43\" src=\"https:\/\/www.hiil.org\/wp-content\/uploads\/2019\/09\/values-03.svg\" class=\"attachment-full size-full wp-image-8698\" alt=\"\" \/><\/figure><div class=\"elementor-image-box-content\"><p class=\"elementor-image-box-title\">Nous sommes entreprenants<\/p><p class=\"elementor-image-box-description\">Nous sortons des sentiers battus. Nous visons \u00e0 comprendre les probl\u00e8mes et \u00e0 les transformer en opportunit\u00e9s. Nous nous concentrons sur la production de r\u00e9sultats avec des mod\u00e8les de financement durables.<\/p><\/div><\/div>\t\t\t\t<\/div>\n\t\t\t\t<\/div>\n\t\t\t\t\t<\/div>\n\t\t<\/div>\n\t\t\t\t<div class=\"elementor-column elementor-col-50 elementor-inner-column elementor-element elementor-element-589b106\" data-id=\"589b106\" data-element_type=\"column\" data-e-type=\"column\">\n\t\t\t<div class=\"elementor-widget-wrap elementor-element-populated\">\n\t\t\t\t\t\t<div class=\"elementor-element elementor-element-78e2e0a elementor-widget elementor-widget-spacer\" data-id=\"78e2e0a\" data-element_type=\"widget\" data-e-type=\"widget\" data-widget_type=\"spacer.default\">\n\t\t\t\t<div class=\"elementor-widget-container\">\n\t\t\t\t\t\t\t<div class=\"elementor-spacer\">\n\t\t\t<div class=\"elementor-spacer-inner\"><\/div>\n\t\t<\/div>\n\t\t\t\t\t\t<\/div>\n\t\t\t\t<\/div>\n\t\t\t\t<div class=\"elementor-element elementor-element-dd28ccb elementor-position-left elementor-vertical-align-top elementor-widget elementor-widget-image-box\" data-id=\"dd28ccb\" data-element_type=\"widget\" data-e-type=\"widget\" data-widget_type=\"image-box.default\">\n\t\t\t\t<div class=\"elementor-widget-container\">\n\t\t\t\t\t<div class=\"elementor-image-box-wrapper\"><figure class=\"elementor-image-box-img\"><img loading=\"lazy\" decoding=\"async\" width=\"44\" height=\"43\" src=\"https:\/\/www.hiil.org\/wp-content\/uploads\/2019\/09\/values-04.svg\" class=\"attachment-full size-full wp-image-8699\" alt=\"\" \/><\/figure><div class=\"elementor-image-box-content\"><p class=\"elementor-image-box-title\">Nous nous concentrons sur les personnes<\/p><p class=\"elementor-image-box-description\">Nous pla\u00e7ons les personnes au c\u0153ur de notre travail, nous tentons de mieux les comprendre. Nous les mettons en relation avec ceux qui peuvent r\u00e9pondre \u00e0 leurs besoins non satisfaits en mati\u00e8re de justice.<\/p><\/div><\/div>\t\t\t\t<\/div>\n\t\t\t\t<\/div>\n\t\t\t\t\t<\/div>\n\t\t<\/div>\n\t\t\t\t\t<\/div>\n\t\t<\/section>\n\t\t\t\t\t<\/div>\n\t\t<\/div>\n\t\t\t\t\t<\/div>\n\t\t<\/section>\n\t\t\t\t\t<\/div>\n\t\t<\/div>\n\t\t\t\t\t<\/div>\n\t\t<\/section>\n\t\t\t\t<\/div>\n\t\t","protected":false},"excerpt":{"rendered":"<p>Rejoignez notre \u00e9quipe HiiL est un employeur international qui promeut l&rsquo;\u00e9galit\u00e9 des chances. Nous nous int\u00e9ressons aux talents avec une mentalit\u00e9 internationale provenant de divers horizons culturels et professionnels pour renforcer notre\u00a0\u00e9quipe professionnelle. Nous recherchons des candidats \u00e9nergiques et autonomes qui ont les capacit\u00e9s et la volont\u00e9 de faire une diff\u00e9rence et de faire partie [&hellip;]<\/p>\n","protected":false},"author":1,"featured_media":7470,"parent":0,"menu_order":54,"comment_status":"closed","ping_status":"closed","template":"hiil-sub-subpage.php","meta":{"_acf_changed":false,"footnotes":""},"class_list":["post-9871","page","type-page","status-publish","has-post-thumbnail","hentry"],"acf":[],"yoast_head":"<!-- This site is optimized with the Yoast SEO plugin v27.3 - https:\/\/yoast.com\/product\/yoast-seo-wordpress\/ -->\n<title>Rejoignez notre \u00e9quipe - HiiL<\/title>\n<meta name=\"robots\" content=\"index, follow, max-snippet:-1, max-image-preview:large, max-video-preview:-1\" \/>\n<link rel=\"canonical\" href=\"https:\/\/www.hiil.org\/fr\/rejoignez-notre-equipe\/\" \/>\n<meta property=\"og:locale\" content=\"fr_FR\" \/>\n<meta property=\"og:type\" content=\"article\" \/>\n<meta property=\"og:title\" content=\"Rejoignez notre \u00e9quipe - HiiL\" \/>\n<meta property=\"og:description\" content=\"Rejoignez notre \u00e9quipe HiiL est un employeur international qui promeut l&rsquo;\u00e9galit\u00e9 des chances. Nous nous int\u00e9ressons aux talents avec une mentalit\u00e9 internationale provenant de divers horizons culturels et professionnels pour renforcer notre\u00a0\u00e9quipe professionnelle. Nous recherchons des candidats \u00e9nergiques et autonomes qui ont les capacit\u00e9s et la volont\u00e9 de faire une diff\u00e9rence et de faire partie [&hellip;]\" \/>\n<meta property=\"og:url\" content=\"https:\/\/www.hiil.org\/fr\/rejoignez-notre-equipe\/\" \/>\n<meta property=\"og:site_name\" content=\"HiiL\" \/>\n<meta property=\"article:publisher\" content=\"https:\/\/www.facebook.com\/UserFriendlyJustice\/\" \/>\n<meta property=\"article:modified_time\" content=\"2020-11-25T20:38:03+00:00\" \/>\n<meta property=\"og:image\" content=\"https:\/\/www.hiil.org\/wp-content\/uploads\/2019\/09\/values-01.svg\" \/>\n<meta name=\"twitter:card\" content=\"summary_large_image\" \/>\n<meta name=\"twitter:site\" content=\"@InnoJustice\" \/>\n<meta name=\"twitter:label1\" content=\"Dur\u00e9e de lecture estim\u00e9e\" \/>\n\t<meta name=\"twitter:data1\" content=\"1 minute\" \/>\n<script type=\"application\/ld+json\" class=\"yoast-schema-graph\">{\"@context\":\"https:\\\/\\\/schema.org\",\"@graph\":[{\"@type\":\"WebPage\",\"@id\":\"https:\\\/\\\/www.hiil.org\\\/fr\\\/rejoignez-notre-equipe\\\/\",\"url\":\"https:\\\/\\\/www.hiil.org\\\/fr\\\/rejoignez-notre-equipe\\\/\",\"name\":\"Rejoignez notre \u00e9quipe - HiiL\",\"isPartOf\":{\"@id\":\"https:\\\/\\\/www.hiil.org\\\/fr\\\/#website\"},\"primaryImageOfPage\":{\"@id\":\"https:\\\/\\\/www.hiil.org\\\/fr\\\/rejoignez-notre-equipe\\\/#primaryimage\"},\"image\":{\"@id\":\"https:\\\/\\\/www.hiil.org\\\/fr\\\/rejoignez-notre-equipe\\\/#primaryimage\"},\"thumbnailUrl\":\"https:\\\/\\\/www.hiil.org\\\/wp-content\\\/uploads\\\/2018\\\/08\\\/mission2.jpg\",\"datePublished\":\"2020-11-25T20:38:02+00:00\",\"dateModified\":\"2020-11-25T20:38:03+00:00\",\"breadcrumb\":{\"@id\":\"https:\\\/\\\/www.hiil.org\\\/fr\\\/rejoignez-notre-equipe\\\/#breadcrumb\"},\"inLanguage\":\"fr-FR\",\"potentialAction\":[{\"@type\":\"ReadAction\",\"target\":[\"https:\\\/\\\/www.hiil.org\\\/fr\\\/rejoignez-notre-equipe\\\/\"]}]},{\"@type\":\"ImageObject\",\"inLanguage\":\"fr-FR\",\"@id\":\"https:\\\/\\\/www.hiil.org\\\/fr\\\/rejoignez-notre-equipe\\\/#primaryimage\",\"url\":\"https:\\\/\\\/www.hiil.org\\\/wp-content\\\/uploads\\\/2018\\\/08\\\/mission2.jpg\",\"contentUrl\":\"https:\\\/\\\/www.hiil.org\\\/wp-content\\\/uploads\\\/2018\\\/08\\\/mission2.jpg\",\"width\":1600,\"height\":1154,\"caption\":\"Legal aid\"},{\"@type\":\"BreadcrumbList\",\"@id\":\"https:\\\/\\\/www.hiil.org\\\/fr\\\/rejoignez-notre-equipe\\\/#breadcrumb\",\"itemListElement\":[{\"@type\":\"ListItem\",\"position\":1,\"name\":\"Home\",\"item\":\"https:\\\/\\\/www.hiil.org\\\/fr\\\/\"},{\"@type\":\"ListItem\",\"position\":2,\"name\":\"Rejoignez notre \u00e9quipe\"}]},{\"@type\":\"WebSite\",\"@id\":\"https:\\\/\\\/www.hiil.org\\\/fr\\\/#website\",\"url\":\"https:\\\/\\\/www.hiil.org\\\/fr\\\/\",\"name\":\"HiiL\",\"description\":\"Pour une justice ax\u00e9e sur les personnes\",\"publisher\":{\"@id\":\"https:\\\/\\\/www.hiil.org\\\/fr\\\/#organization\"},\"potentialAction\":[{\"@type\":\"SearchAction\",\"target\":{\"@type\":\"EntryPoint\",\"urlTemplate\":\"https:\\\/\\\/www.hiil.org\\\/fr\\\/?s={search_term_string}\"},\"query-input\":{\"@type\":\"PropertyValueSpecification\",\"valueRequired\":true,\"valueName\":\"search_term_string\"}}],\"inLanguage\":\"fr-FR\"},{\"@type\":\"Organization\",\"@id\":\"https:\\\/\\\/www.hiil.org\\\/fr\\\/#organization\",\"name\":\"HiiL\",\"url\":\"https:\\\/\\\/www.hiil.org\\\/fr\\\/\",\"logo\":{\"@type\":\"ImageObject\",\"inLanguage\":\"fr-FR\",\"@id\":\"https:\\\/\\\/www.hiil.org\\\/fr\\\/#\\\/schema\\\/logo\\\/image\\\/\",\"url\":\"https:\\\/\\\/www.hiil.org\\\/wp-content\\\/uploads\\\/2018\\\/06\\\/temp_logo-e1528749988588.png\",\"contentUrl\":\"https:\\\/\\\/www.hiil.org\\\/wp-content\\\/uploads\\\/2018\\\/06\\\/temp_logo-e1528749988588.png\",\"width\":112,\"height\":67,\"caption\":\"HiiL\"},\"image\":{\"@id\":\"https:\\\/\\\/www.hiil.org\\\/fr\\\/#\\\/schema\\\/logo\\\/image\\\/\"},\"sameAs\":[\"https:\\\/\\\/www.facebook.com\\\/UserFriendlyJustice\\\/\",\"https:\\\/\\\/x.com\\\/InnoJustice\",\"https:\\\/\\\/www.instagram.com\\\/userfriendlyjustice\\\/\",\"https:\\\/\\\/www.linkedin.com\\\/company\\\/hiil-hague-institute-for-internationalisation-of-law\\\/\"]}]}<\/script>\n<!-- \/ Yoast SEO plugin. -->","yoast_head_json":{"title":"Rejoignez notre \u00e9quipe - HiiL","robots":{"index":"index","follow":"follow","max-snippet":"max-snippet:-1","max-image-preview":"max-image-preview:large","max-video-preview":"max-video-preview:-1"},"canonical":"https:\/\/www.hiil.org\/fr\/rejoignez-notre-equipe\/","og_locale":"fr_FR","og_type":"article","og_title":"Rejoignez notre \u00e9quipe - HiiL","og_description":"Rejoignez notre \u00e9quipe HiiL est un employeur international qui promeut l&rsquo;\u00e9galit\u00e9 des chances. Nous nous int\u00e9ressons aux talents avec une mentalit\u00e9 internationale provenant de divers horizons culturels et professionnels pour renforcer notre\u00a0\u00e9quipe professionnelle. Nous recherchons des candidats \u00e9nergiques et autonomes qui ont les capacit\u00e9s et la volont\u00e9 de faire une diff\u00e9rence et de faire partie [&hellip;]","og_url":"https:\/\/www.hiil.org\/fr\/rejoignez-notre-equipe\/","og_site_name":"HiiL","article_publisher":"https:\/\/www.facebook.com\/UserFriendlyJustice\/","article_modified_time":"2020-11-25T20:38:03+00:00","og_image":[{"url":"https:\/\/www.hiil.org\/wp-content\/uploads\/2019\/09\/values-01.svg","type":"","width":"","height":""}],"twitter_card":"summary_large_image","twitter_site":"@InnoJustice","twitter_misc":{"Dur\u00e9e de lecture estim\u00e9e":"1 minute"},"schema":{"@context":"https:\/\/schema.org","@graph":[{"@type":"WebPage","@id":"https:\/\/www.hiil.org\/fr\/rejoignez-notre-equipe\/","url":"https:\/\/www.hiil.org\/fr\/rejoignez-notre-equipe\/","name":"Rejoignez notre \u00e9quipe - HiiL","isPartOf":{"@id":"https:\/\/www.hiil.org\/fr\/#website"},"primaryImageOfPage":{"@id":"https:\/\/www.hiil.org\/fr\/rejoignez-notre-equipe\/#primaryimage"},"image":{"@id":"https:\/\/www.hiil.org\/fr\/rejoignez-notre-equipe\/#primaryimage"},"thumbnailUrl":"https:\/\/www.hiil.org\/wp-content\/uploads\/2018\/08\/mission2.jpg","datePublished":"2020-11-25T20:38:02+00:00","dateModified":"2020-11-25T20:38:03+00:00","breadcrumb":{"@id":"https:\/\/www.hiil.org\/fr\/rejoignez-notre-equipe\/#breadcrumb"},"inLanguage":"fr-FR","potentialAction":[{"@type":"ReadAction","target":["https:\/\/www.hiil.org\/fr\/rejoignez-notre-equipe\/"]}]},{"@type":"ImageObject","inLanguage":"fr-FR","@id":"https:\/\/www.hiil.org\/fr\/rejoignez-notre-equipe\/#primaryimage","url":"https:\/\/www.hiil.org\/wp-content\/uploads\/2018\/08\/mission2.jpg","contentUrl":"https:\/\/www.hiil.org\/wp-content\/uploads\/2018\/08\/mission2.jpg","width":1600,"height":1154,"caption":"Legal aid"},{"@type":"BreadcrumbList","@id":"https:\/\/www.hiil.org\/fr\/rejoignez-notre-equipe\/#breadcrumb","itemListElement":[{"@type":"ListItem","position":1,"name":"Home","item":"https:\/\/www.hiil.org\/fr\/"},{"@type":"ListItem","position":2,"name":"Rejoignez notre \u00e9quipe"}]},{"@type":"WebSite","@id":"https:\/\/www.hiil.org\/fr\/#website","url":"https:\/\/www.hiil.org\/fr\/","name":"HiiL","description":"Pour une justice ax\u00e9e sur les personnes","publisher":{"@id":"https:\/\/www.hiil.org\/fr\/#organization"},"potentialAction":[{"@type":"SearchAction","target":{"@type":"EntryPoint","urlTemplate":"https:\/\/www.hiil.org\/fr\/?s={search_term_string}"},"query-input":{"@type":"PropertyValueSpecification","valueRequired":true,"valueName":"search_term_string"}}],"inLanguage":"fr-FR"},{"@type":"Organization","@id":"https:\/\/www.hiil.org\/fr\/#organization","name":"HiiL","url":"https:\/\/www.hiil.org\/fr\/","logo":{"@type":"ImageObject","inLanguage":"fr-FR","@id":"https:\/\/www.hiil.org\/fr\/#\/schema\/logo\/image\/","url":"https:\/\/www.hiil.org\/wp-content\/uploads\/2018\/06\/temp_logo-e1528749988588.png","contentUrl":"https:\/\/www.hiil.org\/wp-content\/uploads\/2018\/06\/temp_logo-e1528749988588.png","width":112,"height":67,"caption":"HiiL"},"image":{"@id":"https:\/\/www.hiil.org\/fr\/#\/schema\/logo\/image\/"},"sameAs":["https:\/\/www.facebook.com\/UserFriendlyJustice\/","https:\/\/x.com\/InnoJustice","https:\/\/www.instagram.com\/userfriendlyjustice\/","https:\/\/www.linkedin.com\/company\/hiil-hague-institute-for-internationalisation-of-law\/"]}]}},"_links":{"self":[{"href":"https:\/\/www.hiil.org\/fr\/wp-json\/wp\/v2\/pages\/9871","targetHints":{"allow":["GET"]}}],"collection":[{"href":"https:\/\/www.hiil.org\/fr\/wp-json\/wp\/v2\/pages"}],"about":[{"href":"https:\/\/www.hiil.org\/fr\/wp-json\/wp\/v2\/types\/page"}],"author":[{"embeddable":true,"href":"https:\/\/www.hiil.org\/fr\/wp-json\/wp\/v2\/users\/1"}],"replies":[{"embeddable":true,"href":"https:\/\/www.hiil.org\/fr\/wp-json\/wp\/v2\/comments?post=9871"}],"version-history":[{"count":1,"href":"https:\/\/www.hiil.org\/fr\/wp-json\/wp\/v2\/pages\/9871\/revisions"}],"predecessor-version":[{"id":9872,"href":"https:\/\/www.hiil.org\/fr\/wp-json\/wp\/v2\/pages\/9871\/revisions\/9872"}],"wp:featuredmedia":[{"embeddable":true,"href":"https:\/\/www.hiil.org\/fr\/wp-json\/wp\/v2\/media\/7470"}],"wp:attachment":[{"href":"https:\/\/www.hiil.org\/fr\/wp-json\/wp\/v2\/media?parent=9871"}],"curies":[{"name":"wp","href":"https:\/\/api.w.org\/{rel}","templated":true}]}}