{"id":9869,"date":"2020-11-25T20:30:53","date_gmt":"2020-11-25T20:30:53","guid":{"rendered":"https:\/\/www.hiil.org\/qui-sommes-nous\/notre-code-de-conduite\/"},"modified":"2020-11-25T20:30:54","modified_gmt":"2020-11-25T20:30:54","slug":"notre-code-de-conduite","status":"publish","type":"page","link":"https:\/\/www.hiil.org\/fr\/qui-sommes-nous\/notre-code-de-conduite\/","title":{"rendered":"Notre Code de conduite"},"content":{"rendered":"\t\t<div data-elementor-type=\"wp-page\" data-elementor-id=\"9869\" class=\"elementor elementor-9869 elementor-5520\" data-elementor-post-type=\"page\">\n\t\t\t\t\t\t<section class=\"elementor-section elementor-top-section elementor-element elementor-element-a6f898f elementor-section-stretched elementor-section-boxed elementor-section-height-default elementor-section-height-default\" data-id=\"a6f898f\" data-element_type=\"section\" data-e-type=\"section\" data-settings=\"{&quot;stretch_section&quot;:&quot;section-stretched&quot;}\">\n\t\t\t\t\t\t<div class=\"elementor-container elementor-column-gap-wide\">\n\t\t\t\t\t<div class=\"elementor-column elementor-col-100 elementor-top-column elementor-element elementor-element-3c71470\" data-id=\"3c71470\" data-element_type=\"column\" data-e-type=\"column\">\n\t\t\t<div class=\"elementor-widget-wrap elementor-element-populated\">\n\t\t\t\t\t\t<div class=\"elementor-element elementor-element-4c211da elementor-widget elementor-widget-heading\" data-id=\"4c211da\" data-element_type=\"widget\" data-e-type=\"widget\" data-widget_type=\"heading.default\">\n\t\t\t\t<div class=\"elementor-widget-container\">\n\t\t\t\t\t<h1 class=\"elementor-heading-title elementor-size-default\">Notre Code de conduite<\/h1>\t\t\t\t<\/div>\n\t\t\t\t<\/div>\n\t\t\t\t<section class=\"elementor-section elementor-inner-section elementor-element elementor-element-2b6a729 elementor-section-boxed elementor-section-height-default elementor-section-height-default\" data-id=\"2b6a729\" data-element_type=\"section\" data-e-type=\"section\">\n\t\t\t\t\t\t<div class=\"elementor-container elementor-column-gap-wider\">\n\t\t\t\t\t<div class=\"elementor-column elementor-col-50 elementor-inner-column elementor-element elementor-element-934f1e1\" data-id=\"934f1e1\" data-element_type=\"column\" data-e-type=\"column\">\n\t\t\t<div class=\"elementor-widget-wrap elementor-element-populated\">\n\t\t\t\t\t\t<div class=\"elementor-element elementor-element-49408c7 elementor-widget elementor-widget-text-editor\" data-id=\"49408c7\" data-element_type=\"widget\" data-e-type=\"widget\" data-widget_type=\"text-editor.default\">\n\t\t\t\t<div class=\"elementor-widget-container\">\n\t\t\t\t\t\t\t\t\t<p><strong>Je m&rsquo;engage \u00e0 pr\u00e9server l&rsquo;int\u00e9grit\u00e9 et la r\u00e9putation de HiiL en m&rsquo;assurant que ma conduite professionnelle et personnelle est conforme aux valeurs et aux normes de HiiL<\/strong><\/p>\n\t\t\t\t\t\t\t\t<\/div>\n\t\t\t\t<\/div>\n\t\t\t\t\t<\/div>\n\t\t<\/div>\n\t\t\t\t<div class=\"elementor-column elementor-col-50 elementor-inner-column elementor-element elementor-element-bb050c0\" data-id=\"bb050c0\" data-element_type=\"column\" data-e-type=\"column\">\n\t\t\t<div class=\"elementor-widget-wrap elementor-element-populated\">\n\t\t\t\t\t\t<div class=\"elementor-element elementor-element-641340d elementor-widget elementor-widget-text-editor\" data-id=\"641340d\" data-element_type=\"widget\" data-e-type=\"widget\" data-widget_type=\"text-editor.default\">\n\t\t\t\t<div class=\"elementor-widget-container\">\n\t\t\t\t\t\t\t\t\t<p>Je prendrai conscience de mon r\u00f4le de repr\u00e9sentant et le garderai \u00e0 l\u2019esprit en endossant la responsabilit\u00e9 des actions professionnelles et personnelles que j\u2019entreprends.<\/p>\n<p>J\u2019adopterai un comportement int\u00e8gre et aimable dans toutes les situations d&rsquo;interaction, \u00e9galement num\u00e9rique.<\/p>\n<p>Tout en respectant les exigences du Code de conduite, je serai \u00e9galement sensible aux diff\u00e9rences entre les coutumes et la culture locales, la religion et la politique et je les respecterai.<\/p>\n<p>Le fait de boire ou non de l&rsquo;alcool ou de consommer d&rsquo;autres substances comparables est une d\u00e9cision personnelle. Je veillerai toujours \u00e0 ce que ma capacit\u00e9 \u00e0 effectuer mon travail ne soit en aucune fa\u00e7on alt\u00e9r\u00e9e par l&rsquo;alcool et d&rsquo;autres substances comparables.<\/p>\n<p>M\u00eame si HiiL a des assurances voyage et indemnisera la perte ou les dommages aux biens couverts par l&rsquo;assurance, je ferai preuve de responsabilit\u00e9 en \u00e9vitant toute perte ou tout dommage aux biens.<\/p>\n<p>Je comprends que je suis responsable de mes effets personnels. Je comprends que je suis responsable lorsque je voyage en possession de substances ou de mat\u00e9riaux ill\u00e9gaux. Si je transporte des marchandises telles que de l&rsquo;alcool, des cigarettes ou d&rsquo;autres marchandises restreintes ou \u00e9ventuellement ill\u00e9gales, c&rsquo;est \u00e0 mes risques et p\u00e9rils et HiiL ne peut \u00eatre tenu responsable des dommages caus\u00e9s.<\/p>\n\t\t\t\t\t\t\t\t<\/div>\n\t\t\t\t<\/div>\n\t\t\t\t\t<\/div>\n\t\t<\/div>\n\t\t\t\t\t<\/div>\n\t\t<\/section>\n\t\t\t\t<section class=\"elementor-section elementor-inner-section elementor-element elementor-element-51f12e1 elementor-section-boxed elementor-section-height-default elementor-section-height-default\" data-id=\"51f12e1\" data-element_type=\"section\" data-e-type=\"section\">\n\t\t\t\t\t\t<div class=\"elementor-container elementor-column-gap-wider\">\n\t\t\t\t\t<div class=\"elementor-column elementor-col-50 elementor-inner-column elementor-element elementor-element-f60c5dc\" data-id=\"f60c5dc\" data-element_type=\"column\" data-e-type=\"column\">\n\t\t\t<div class=\"elementor-widget-wrap elementor-element-populated\">\n\t\t\t\t\t\t<div class=\"elementor-element elementor-element-30faf92 elementor-widget elementor-widget-text-editor\" data-id=\"30faf92\" data-element_type=\"widget\" data-e-type=\"widget\" data-widget_type=\"text-editor.default\">\n\t\t\t\t<div class=\"elementor-widget-container\">\n\t\t\t\t\t\t\t\t\t<p><strong>Je m&rsquo;engage \u00e0 traiter toutes les personnes avec respect et dignit\u00e9 et \u00e0 ne me livrer \u00e0 aucune forme de harc\u00e8lement, de discrimination, d&rsquo;intimidation, d&rsquo;exploitation ou d&rsquo;ab<\/strong><\/p>\n\t\t\t\t\t\t\t\t<\/div>\n\t\t\t\t<\/div>\n\t\t\t\t\t<\/div>\n\t\t<\/div>\n\t\t\t\t<div class=\"elementor-column elementor-col-50 elementor-inner-column elementor-element elementor-element-74fa0f6\" data-id=\"74fa0f6\" data-element_type=\"column\" data-e-type=\"column\">\n\t\t\t<div class=\"elementor-widget-wrap elementor-element-populated\">\n\t\t\t\t\t\t<div class=\"elementor-element elementor-element-92a391a elementor-widget elementor-widget-text-editor\" data-id=\"92a391a\" data-element_type=\"widget\" data-e-type=\"widget\" data-widget_type=\"text-editor.default\">\n\t\t\t\t<div class=\"elementor-widget-container\">\n\t\t\t\t\t\t\t\t\t<p>Je n\u2019\u00e9changerai pas d\u2019argent, d\u2019offre d\u2019emploi, d\u2019emploi, de biens ou de services contre des faveurs ou des rapports sexuels, ni aucune autre forme de comportement humiliant, d\u00e9gradant ou exploitant comme d\u00e9crit dans la politique de HiiL relative au harc\u00e8lement sexuel.<\/p>\n<p>Ayant conscience de mon r\u00f4le dans la mission de HiiL li\u00e9e \u00e0 la justice, je respecterai les droits humains fondamentaux de chacun et je contribuerai \u00e0 un environnement de travail caract\u00e9ris\u00e9 par le respect mutuel, l\u2019int\u00e9grit\u00e9, la dignit\u00e9 et la non-discrimination.<\/p>\n<p>Je n\u2019adopterai aucun comportement qui soit exploiteur, abusif ou corrompu de quelque mani\u00e8re que ce soit. Je respecterai les hommes, les femmes, les enfants, les minorit\u00e9s (locales) et les animaux.<\/p>\n<p>Je veillerai \u00e0 ne pas adopter de comportement irrespectueux sous quelque forme que ce soit, comme des combats, des brimades, l&rsquo;utilisation d&rsquo;un langage mena\u00e7ant et\/ou inappropri\u00e9 contre des coll\u00e8gues, des consultants, des clients ou des partenaires, \u00e9galement num\u00e9riquement.<\/p>\n<p>Dans la mesure de mes capacit\u00e9s, je contribuerai \u00e0 pr\u00e9venir les actes criminels ou contraires \u00e0 l&rsquo;\u00e9thique.<\/p>\n<p>Je m\u2019y attellerai dans le monde r\u00e9el et num\u00e9rique.<\/p>\n\t\t\t\t\t\t\t\t<\/div>\n\t\t\t\t<\/div>\n\t\t\t\t\t<\/div>\n\t\t<\/div>\n\t\t\t\t\t<\/div>\n\t\t<\/section>\n\t\t\t\t<section class=\"elementor-section elementor-inner-section elementor-element elementor-element-3ece7e2 elementor-section-boxed elementor-section-height-default elementor-section-height-default\" data-id=\"3ece7e2\" data-element_type=\"section\" data-e-type=\"section\">\n\t\t\t\t\t\t<div class=\"elementor-container elementor-column-gap-wider\">\n\t\t\t\t\t<div class=\"elementor-column elementor-col-50 elementor-inner-column elementor-element elementor-element-1500a52\" data-id=\"1500a52\" data-element_type=\"column\" data-e-type=\"column\">\n\t\t\t<div class=\"elementor-widget-wrap elementor-element-populated\">\n\t\t\t\t\t\t<div class=\"elementor-element elementor-element-ed06438 elementor-widget elementor-widget-text-editor\" data-id=\"ed06438\" data-element_type=\"widget\" data-e-type=\"widget\" data-widget_type=\"text-editor.default\">\n\t\t\t\t<div class=\"elementor-widget-container\">\n\t\t\t\t\t\t\t\t\t<p><strong>J&rsquo;\u00e9viterai d&rsquo;\u00e9ventuels conflits d&rsquo;int\u00e9r\u00eats avec la mission de HiiL<br \/><\/strong><\/p>\n\t\t\t\t\t\t\t\t<\/div>\n\t\t\t\t<\/div>\n\t\t\t\t\t<\/div>\n\t\t<\/div>\n\t\t\t\t<div class=\"elementor-column elementor-col-50 elementor-inner-column elementor-element elementor-element-1415c1d\" data-id=\"1415c1d\" data-element_type=\"column\" data-e-type=\"column\">\n\t\t\t<div class=\"elementor-widget-wrap elementor-element-populated\">\n\t\t\t\t\t\t<div class=\"elementor-element elementor-element-b402a69 elementor-widget elementor-widget-text-editor\" data-id=\"b402a69\" data-element_type=\"widget\" data-e-type=\"widget\" data-widget_type=\"text-editor.default\">\n\t\t\t\t<div class=\"elementor-widget-container\">\n\t\t\t\t\t\t\t\t\t<p>Dans le cadre de l\u2019ex\u00e9cution de la mission de HiiL, je comprends qu\u2019il est important de ne pas abuser du pouvoir de ma position pour mon propre b\u00e9n\u00e9fice ou pour celui de membres de ma famille ou d\u2019amis. Je comprends que la favorisation d\u2019une r\u00e9partition in\u00e9gale du pouvoir, les ristournes, les pots-de-vin ou toute autre forme d&rsquo;enrichissement personnel, professionnel et \u00e9conomique ne sont pas autoris\u00e9s.<\/p>\n<p>Je refuserai tous les cadeaux mon\u00e9taires des gouvernements, des b\u00e9n\u00e9ficiaires, des donateurs, des fournisseurs et d&rsquo;autres personnes, qui m&rsquo;ont \u00e9t\u00e9 offerts en raison de mon emploi ou de ma mission chez HiiL.<\/p>\n<p>Je refuserai aussi tout autre cadeau d&rsquo;une valeur sup\u00e9rieure \u00e0 10 euros des gouvernements, des b\u00e9n\u00e9ficiaires, des donateurs, des fournisseurs et d&rsquo;autres personnes, qui m&rsquo;ont \u00e9t\u00e9 offerts en raison de mon emploi ou de ma mission chez HiiL. Si on me propose de tels cadeaux, j&rsquo;expliquerai qu\u2019il m\u2019est tr\u00e8s difficile de les accepter en vertu du pr\u00e9sent Code de conduite. Si j\u2019ai l\u2019impression que je me trouve dans une situation o\u00f9 cela ne fonctionne pas et que je ne peux pas refuser un cadeau parce que cela offenserait gravement quelqu&rsquo;un ou nuirait \u00e0 la relation, je signalerai le cadeau \u00e0 mon superviseur et chef de projet et le donnerai \u00e0 HiiL.<\/p>\n<p>Je ne recommanderai ni n&#8217;embaucherai aucun membre de ma famille.<\/p>\n<p>Je n\u2019\u00e9tablirai pas de relation commerciale avec la fondation en tant que membre du personnel HiiL ou si je suis membre du conseil d\u2019administration.<\/p>\n<p>J&rsquo;informerai \u00e9galement HiiL si je suis confront\u00e9 \u00e0 des poursuites p\u00e9nales avant et pendant mon emploi qui pourraient entraver ma capacit\u00e9 \u00e0 exercer les fonctions de mon poste soumis \u00e0 la l\u00e9gislation nationale.<\/p>\n\t\t\t\t\t\t\t\t<\/div>\n\t\t\t\t<\/div>\n\t\t\t\t\t<\/div>\n\t\t<\/div>\n\t\t\t\t\t<\/div>\n\t\t<\/section>\n\t\t\t\t<section class=\"elementor-section elementor-inner-section elementor-element elementor-element-ce0fce2 elementor-section-boxed elementor-section-height-default elementor-section-height-default\" data-id=\"ce0fce2\" data-element_type=\"section\" data-e-type=\"section\">\n\t\t\t\t\t\t<div class=\"elementor-container elementor-column-gap-wider\">\n\t\t\t\t\t<div class=\"elementor-column elementor-col-50 elementor-inner-column elementor-element elementor-element-b80b463\" data-id=\"b80b463\" data-element_type=\"column\" data-e-type=\"column\">\n\t\t\t<div class=\"elementor-widget-wrap elementor-element-populated\">\n\t\t\t\t\t\t<div class=\"elementor-element elementor-element-c62a4b6 elementor-widget elementor-widget-text-editor\" data-id=\"c62a4b6\" data-element_type=\"widget\" data-e-type=\"widget\" data-widget_type=\"text-editor.default\">\n\t\t\t\t<div class=\"elementor-widget-container\">\n\t\t\t\t\t\t\t\t\t<p><strong>Je suis responsable de l&rsquo;utilisation des informations, des \u00e9quipements, de l&rsquo;argent et des ressources<\/strong><\/p>\n\t\t\t\t\t\t\t\t<\/div>\n\t\t\t\t<\/div>\n\t\t\t\t\t<\/div>\n\t\t<\/div>\n\t\t\t\t<div class=\"elementor-column elementor-col-50 elementor-inner-column elementor-element elementor-element-2a483ea\" data-id=\"2a483ea\" data-element_type=\"column\" data-e-type=\"column\">\n\t\t\t<div class=\"elementor-widget-wrap elementor-element-populated\">\n\t\t\t\t\t\t<div class=\"elementor-element elementor-element-d8778c6 elementor-widget elementor-widget-text-editor\" data-id=\"d8778c6\" data-element_type=\"widget\" data-e-type=\"widget\" data-widget_type=\"text-editor.default\">\n\t\t\t\t<div class=\"elementor-widget-container\">\n\t\t\t\t\t\t\t\t\t<p>e ferai preuve de discr\u00e9tion lors du traitement d&rsquo;informations sensibles ou confidentielles. \u00c0 cet \u00e9gard, je respecterai la politique de s\u00e9curit\u00e9 des informations de HiiL.<\/p>\n<p>Je rendrai compte de mani\u00e8re appropri\u00e9e de tout l&rsquo;argent et des biens HiiL.<\/p>\n<p>\u00c0 part ce qui pr\u00e9c\u00e8de, je<\/p>\n<ul>\n<li>ne volerai aucun bien \u00e0 un employ\u00e9 ou \u00e0 l\u2019entreprise;<\/li>\n<li>ne participerai \u00e0 aucune autre activit\u00e9 pendant les heures de travail qui pourrait \u00eatre class\u00e9e comme une utilisation abusive flagrante de l&rsquo;espace et de l&rsquo;\u00e9quipement de l&rsquo;entreprise, telle que l&rsquo;extraction de crypto-monnaie, les jeux d&rsquo;argent, la visite de sites viraux connus, de sites pornographiques, de sites sexistes, tout ce qui est discriminatoire ou offensant.<\/li>\n<\/ul>\n\t\t\t\t\t\t\t\t<\/div>\n\t\t\t\t<\/div>\n\t\t\t\t\t<\/div>\n\t\t<\/div>\n\t\t\t\t\t<\/div>\n\t\t<\/section>\n\t\t\t\t<section class=\"elementor-section elementor-inner-section elementor-element elementor-element-e3b29ef elementor-section-boxed elementor-section-height-default elementor-section-height-default\" data-id=\"e3b29ef\" data-element_type=\"section\" data-e-type=\"section\">\n\t\t\t\t\t\t<div class=\"elementor-container elementor-column-gap-wider\">\n\t\t\t\t\t<div class=\"elementor-column elementor-col-50 elementor-inner-column elementor-element elementor-element-2cbb351\" data-id=\"2cbb351\" data-element_type=\"column\" data-e-type=\"column\">\n\t\t\t<div class=\"elementor-widget-wrap elementor-element-populated\">\n\t\t\t\t\t\t<div class=\"elementor-element elementor-element-3ac497e elementor-widget elementor-widget-text-editor\" data-id=\"3ac497e\" data-element_type=\"widget\" data-e-type=\"widget\" data-widget_type=\"text-editor.default\">\n\t\t\t\t<div class=\"elementor-widget-container\">\n\t\t\t\t\t\t\t\t\t<p><strong>Je contribuerai \u00e0 prot\u00e9ger la sant\u00e9, la s\u00fbret\u00e9, la s\u00e9curit\u00e9 et le bien-\u00eatre de tous les employ\u00e9s, consultants, clients et partenaires HiiL<\/strong><\/p>\n\t\t\t\t\t\t\t\t<\/div>\n\t\t\t\t<\/div>\n\t\t\t\t\t<\/div>\n\t\t<\/div>\n\t\t\t\t<div class=\"elementor-column elementor-col-50 elementor-inner-column elementor-element elementor-element-67f3e8e\" data-id=\"67f3e8e\" data-element_type=\"column\" data-e-type=\"column\">\n\t\t\t<div class=\"elementor-widget-wrap elementor-element-populated\">\n\t\t\t\t\t\t<div class=\"elementor-element elementor-element-1aa8948 elementor-widget elementor-widget-text-editor\" data-id=\"1aa8948\" data-element_type=\"widget\" data-e-type=\"widget\" data-widget_type=\"text-editor.default\">\n\t\t\t\t<div class=\"elementor-widget-container\">\n\t\t\t\t\t\t\t\t\t<p>Je respecterai toujours les directives de s\u00e9curit\u00e9 et de s\u00fbret\u00e9 de HiiL.<\/p>\n<p>Je me comporterai de mani\u00e8re \u00e0 \u00e9viter tout risque inutile pour la s\u00e9curit\u00e9, la sant\u00e9 et le bien-\u00eatre de moi-m\u00eame et des autres, y compris les clients, les organisations partenaires et les b\u00e9n\u00e9ficiaires.<\/p>\n<p>Je ferai de mon mieux pour prot\u00e9ger l&rsquo;environnement naturel et travailler de mani\u00e8re durable.<\/p>\n\t\t\t\t\t\t\t\t<\/div>\n\t\t\t\t<\/div>\n\t\t\t\t\t<\/div>\n\t\t<\/div>\n\t\t\t\t\t<\/div>\n\t\t<\/section>\n\t\t\t\t\t<\/div>\n\t\t<\/div>\n\t\t\t\t\t<\/div>\n\t\t<\/section>\n\t\t\t\t<\/div>\n\t\t","protected":false},"excerpt":{"rendered":"<p>Notre Code de conduite Je m&rsquo;engage \u00e0 pr\u00e9server l&rsquo;int\u00e9grit\u00e9 et la r\u00e9putation de HiiL en m&rsquo;assurant que ma conduite professionnelle et personnelle est conforme aux valeurs et aux normes de HiiL Je prendrai conscience de mon r\u00f4le de repr\u00e9sentant et le garderai \u00e0 l\u2019esprit en endossant la responsabilit\u00e9 des actions professionnelles et personnelles que j\u2019entreprends. [&hellip;]<\/p>\n","protected":false},"author":3,"featured_media":0,"parent":7474,"menu_order":36,"comment_status":"closed","ping_status":"closed","template":"hiil-sub-subpage.php","meta":{"_acf_changed":false,"footnotes":""},"class_list":["post-9869","page","type-page","status-publish","hentry"],"acf":[],"yoast_head":"<!-- This site is optimized with the Yoast SEO plugin v27.3 - https:\/\/yoast.com\/product\/yoast-seo-wordpress\/ -->\n<title>Notre Code de conduite - HiiL<\/title>\n<meta name=\"robots\" content=\"index, follow, max-snippet:-1, max-image-preview:large, max-video-preview:-1\" \/>\n<link rel=\"canonical\" href=\"https:\/\/www.hiil.org\/fr\/qui-sommes-nous\/notre-code-de-conduite\/\" \/>\n<meta property=\"og:locale\" content=\"fr_FR\" \/>\n<meta property=\"og:type\" content=\"article\" \/>\n<meta property=\"og:title\" content=\"Notre Code de conduite - HiiL\" \/>\n<meta property=\"og:description\" content=\"Notre Code de conduite Je m&rsquo;engage \u00e0 pr\u00e9server l&rsquo;int\u00e9grit\u00e9 et la r\u00e9putation de HiiL en m&rsquo;assurant que ma conduite professionnelle et personnelle est conforme aux valeurs et aux normes de HiiL Je prendrai conscience de mon r\u00f4le de repr\u00e9sentant et le garderai \u00e0 l\u2019esprit en endossant la responsabilit\u00e9 des actions professionnelles et personnelles que j\u2019entreprends. [&hellip;]\" \/>\n<meta property=\"og:url\" content=\"https:\/\/www.hiil.org\/fr\/qui-sommes-nous\/notre-code-de-conduite\/\" \/>\n<meta property=\"og:site_name\" content=\"HiiL\" \/>\n<meta property=\"article:publisher\" content=\"https:\/\/www.facebook.com\/UserFriendlyJustice\/\" \/>\n<meta property=\"article:modified_time\" content=\"2020-11-25T20:30:54+00:00\" \/>\n<meta name=\"twitter:card\" content=\"summary_large_image\" \/>\n<meta name=\"twitter:site\" content=\"@InnoJustice\" \/>\n<meta name=\"twitter:label1\" content=\"Dur\u00e9e de lecture estim\u00e9e\" \/>\n\t<meta name=\"twitter:data1\" content=\"5 minutes\" \/>\n<script type=\"application\/ld+json\" class=\"yoast-schema-graph\">{\"@context\":\"https:\\\/\\\/schema.org\",\"@graph\":[{\"@type\":\"WebPage\",\"@id\":\"https:\\\/\\\/www.hiil.org\\\/fr\\\/qui-sommes-nous\\\/notre-code-de-conduite\\\/\",\"url\":\"https:\\\/\\\/www.hiil.org\\\/fr\\\/qui-sommes-nous\\\/notre-code-de-conduite\\\/\",\"name\":\"Notre Code de conduite - HiiL\",\"isPartOf\":{\"@id\":\"https:\\\/\\\/www.hiil.org\\\/fr\\\/#website\"},\"datePublished\":\"2020-11-25T20:30:53+00:00\",\"dateModified\":\"2020-11-25T20:30:54+00:00\",\"breadcrumb\":{\"@id\":\"https:\\\/\\\/www.hiil.org\\\/fr\\\/qui-sommes-nous\\\/notre-code-de-conduite\\\/#breadcrumb\"},\"inLanguage\":\"fr-FR\",\"potentialAction\":[{\"@type\":\"ReadAction\",\"target\":[\"https:\\\/\\\/www.hiil.org\\\/fr\\\/qui-sommes-nous\\\/notre-code-de-conduite\\\/\"]}]},{\"@type\":\"BreadcrumbList\",\"@id\":\"https:\\\/\\\/www.hiil.org\\\/fr\\\/qui-sommes-nous\\\/notre-code-de-conduite\\\/#breadcrumb\",\"itemListElement\":[{\"@type\":\"ListItem\",\"position\":1,\"name\":\"Home\",\"item\":\"https:\\\/\\\/www.hiil.org\\\/fr\\\/\"},{\"@type\":\"ListItem\",\"position\":2,\"name\":\"A propos de nous\",\"item\":\"https:\\\/\\\/www.hiil.org\\\/fr\\\/who-we-are\\\/\"},{\"@type\":\"ListItem\",\"position\":3,\"name\":\"Notre Code de conduite\"}]},{\"@type\":\"WebSite\",\"@id\":\"https:\\\/\\\/www.hiil.org\\\/fr\\\/#website\",\"url\":\"https:\\\/\\\/www.hiil.org\\\/fr\\\/\",\"name\":\"HiiL\",\"description\":\"Pour une justice ax\u00e9e sur les personnes\",\"publisher\":{\"@id\":\"https:\\\/\\\/www.hiil.org\\\/fr\\\/#organization\"},\"potentialAction\":[{\"@type\":\"SearchAction\",\"target\":{\"@type\":\"EntryPoint\",\"urlTemplate\":\"https:\\\/\\\/www.hiil.org\\\/fr\\\/?s={search_term_string}\"},\"query-input\":{\"@type\":\"PropertyValueSpecification\",\"valueRequired\":true,\"valueName\":\"search_term_string\"}}],\"inLanguage\":\"fr-FR\"},{\"@type\":\"Organization\",\"@id\":\"https:\\\/\\\/www.hiil.org\\\/fr\\\/#organization\",\"name\":\"HiiL\",\"url\":\"https:\\\/\\\/www.hiil.org\\\/fr\\\/\",\"logo\":{\"@type\":\"ImageObject\",\"inLanguage\":\"fr-FR\",\"@id\":\"https:\\\/\\\/www.hiil.org\\\/fr\\\/#\\\/schema\\\/logo\\\/image\\\/\",\"url\":\"https:\\\/\\\/www.hiil.org\\\/wp-content\\\/uploads\\\/2018\\\/06\\\/temp_logo-e1528749988588.png\",\"contentUrl\":\"https:\\\/\\\/www.hiil.org\\\/wp-content\\\/uploads\\\/2018\\\/06\\\/temp_logo-e1528749988588.png\",\"width\":112,\"height\":67,\"caption\":\"HiiL\"},\"image\":{\"@id\":\"https:\\\/\\\/www.hiil.org\\\/fr\\\/#\\\/schema\\\/logo\\\/image\\\/\"},\"sameAs\":[\"https:\\\/\\\/www.facebook.com\\\/UserFriendlyJustice\\\/\",\"https:\\\/\\\/x.com\\\/InnoJustice\",\"https:\\\/\\\/www.instagram.com\\\/userfriendlyjustice\\\/\",\"https:\\\/\\\/www.linkedin.com\\\/company\\\/hiil-hague-institute-for-internationalisation-of-law\\\/\"]}]}<\/script>\n<!-- \/ Yoast SEO plugin. -->","yoast_head_json":{"title":"Notre Code de conduite - HiiL","robots":{"index":"index","follow":"follow","max-snippet":"max-snippet:-1","max-image-preview":"max-image-preview:large","max-video-preview":"max-video-preview:-1"},"canonical":"https:\/\/www.hiil.org\/fr\/qui-sommes-nous\/notre-code-de-conduite\/","og_locale":"fr_FR","og_type":"article","og_title":"Notre Code de conduite - HiiL","og_description":"Notre Code de conduite Je m&rsquo;engage \u00e0 pr\u00e9server l&rsquo;int\u00e9grit\u00e9 et la r\u00e9putation de HiiL en m&rsquo;assurant que ma conduite professionnelle et personnelle est conforme aux valeurs et aux normes de HiiL Je prendrai conscience de mon r\u00f4le de repr\u00e9sentant et le garderai \u00e0 l\u2019esprit en endossant la responsabilit\u00e9 des actions professionnelles et personnelles que j\u2019entreprends. [&hellip;]","og_url":"https:\/\/www.hiil.org\/fr\/qui-sommes-nous\/notre-code-de-conduite\/","og_site_name":"HiiL","article_publisher":"https:\/\/www.facebook.com\/UserFriendlyJustice\/","article_modified_time":"2020-11-25T20:30:54+00:00","twitter_card":"summary_large_image","twitter_site":"@InnoJustice","twitter_misc":{"Dur\u00e9e de lecture estim\u00e9e":"5 minutes"},"schema":{"@context":"https:\/\/schema.org","@graph":[{"@type":"WebPage","@id":"https:\/\/www.hiil.org\/fr\/qui-sommes-nous\/notre-code-de-conduite\/","url":"https:\/\/www.hiil.org\/fr\/qui-sommes-nous\/notre-code-de-conduite\/","name":"Notre Code de conduite - HiiL","isPartOf":{"@id":"https:\/\/www.hiil.org\/fr\/#website"},"datePublished":"2020-11-25T20:30:53+00:00","dateModified":"2020-11-25T20:30:54+00:00","breadcrumb":{"@id":"https:\/\/www.hiil.org\/fr\/qui-sommes-nous\/notre-code-de-conduite\/#breadcrumb"},"inLanguage":"fr-FR","potentialAction":[{"@type":"ReadAction","target":["https:\/\/www.hiil.org\/fr\/qui-sommes-nous\/notre-code-de-conduite\/"]}]},{"@type":"BreadcrumbList","@id":"https:\/\/www.hiil.org\/fr\/qui-sommes-nous\/notre-code-de-conduite\/#breadcrumb","itemListElement":[{"@type":"ListItem","position":1,"name":"Home","item":"https:\/\/www.hiil.org\/fr\/"},{"@type":"ListItem","position":2,"name":"A propos de nous","item":"https:\/\/www.hiil.org\/fr\/who-we-are\/"},{"@type":"ListItem","position":3,"name":"Notre Code de conduite"}]},{"@type":"WebSite","@id":"https:\/\/www.hiil.org\/fr\/#website","url":"https:\/\/www.hiil.org\/fr\/","name":"HiiL","description":"Pour une justice ax\u00e9e sur les personnes","publisher":{"@id":"https:\/\/www.hiil.org\/fr\/#organization"},"potentialAction":[{"@type":"SearchAction","target":{"@type":"EntryPoint","urlTemplate":"https:\/\/www.hiil.org\/fr\/?s={search_term_string}"},"query-input":{"@type":"PropertyValueSpecification","valueRequired":true,"valueName":"search_term_string"}}],"inLanguage":"fr-FR"},{"@type":"Organization","@id":"https:\/\/www.hiil.org\/fr\/#organization","name":"HiiL","url":"https:\/\/www.hiil.org\/fr\/","logo":{"@type":"ImageObject","inLanguage":"fr-FR","@id":"https:\/\/www.hiil.org\/fr\/#\/schema\/logo\/image\/","url":"https:\/\/www.hiil.org\/wp-content\/uploads\/2018\/06\/temp_logo-e1528749988588.png","contentUrl":"https:\/\/www.hiil.org\/wp-content\/uploads\/2018\/06\/temp_logo-e1528749988588.png","width":112,"height":67,"caption":"HiiL"},"image":{"@id":"https:\/\/www.hiil.org\/fr\/#\/schema\/logo\/image\/"},"sameAs":["https:\/\/www.facebook.com\/UserFriendlyJustice\/","https:\/\/x.com\/InnoJustice","https:\/\/www.instagram.com\/userfriendlyjustice\/","https:\/\/www.linkedin.com\/company\/hiil-hague-institute-for-internationalisation-of-law\/"]}]}},"_links":{"self":[{"href":"https:\/\/www.hiil.org\/fr\/wp-json\/wp\/v2\/pages\/9869","targetHints":{"allow":["GET"]}}],"collection":[{"href":"https:\/\/www.hiil.org\/fr\/wp-json\/wp\/v2\/pages"}],"about":[{"href":"https:\/\/www.hiil.org\/fr\/wp-json\/wp\/v2\/types\/page"}],"author":[{"embeddable":true,"href":"https:\/\/www.hiil.org\/fr\/wp-json\/wp\/v2\/users\/3"}],"replies":[{"embeddable":true,"href":"https:\/\/www.hiil.org\/fr\/wp-json\/wp\/v2\/comments?post=9869"}],"version-history":[{"count":1,"href":"https:\/\/www.hiil.org\/fr\/wp-json\/wp\/v2\/pages\/9869\/revisions"}],"predecessor-version":[{"id":9870,"href":"https:\/\/www.hiil.org\/fr\/wp-json\/wp\/v2\/pages\/9869\/revisions\/9870"}],"up":[{"embeddable":true,"href":"https:\/\/www.hiil.org\/fr\/wp-json\/wp\/v2\/pages\/7474"}],"wp:attachment":[{"href":"https:\/\/www.hiil.org\/fr\/wp-json\/wp\/v2\/media?parent=9869"}],"curies":[{"name":"wp","href":"https:\/\/api.w.org\/{rel}","templated":true}]}}