{"id":7602,"date":"2020-07-12T08:19:16","date_gmt":"2020-07-12T08:19:16","guid":{"rendered":"https:\/\/www.hiil.org\/notre-travail\/transformer-la-justice\/"},"modified":"2021-01-12T12:50:17","modified_gmt":"2021-01-12T12:50:17","slug":"transformer-la-justice","status":"publish","type":"page","link":"https:\/\/www.hiil.org\/fr\/notre-travail\/transformer-la-justice\/","title":{"rendered":"Transformer la justice"},"content":{"rendered":"\t\t<div data-elementor-type=\"wp-page\" data-elementor-id=\"7602\" class=\"elementor elementor-7602\" data-elementor-post-type=\"page\">\n\t\t\t\t\t\t<section class=\"elementor-section elementor-top-section elementor-element elementor-element-da4a7a2 elementor-section-boxed elementor-section-height-default elementor-section-height-default\" data-id=\"da4a7a2\" data-element_type=\"section\" data-e-type=\"section\">\n\t\t\t\t\t\t<div class=\"elementor-container elementor-column-gap-no\">\n\t\t\t\t\t<div class=\"elementor-column elementor-col-100 elementor-top-column elementor-element elementor-element-1118d6b\" data-id=\"1118d6b\" data-element_type=\"column\" data-e-type=\"column\">\n\t\t\t<div class=\"elementor-widget-wrap elementor-element-populated\">\n\t\t\t\t\t\t<div class=\"elementor-element elementor-element-629eac5 icon-service-survey elementor-widget elementor-widget-heading\" data-id=\"629eac5\" data-element_type=\"widget\" data-e-type=\"widget\" data-widget_type=\"heading.default\">\n\t\t\t\t<div class=\"elementor-widget-container\">\n\t\t\t\t\t<h1 class=\"elementor-heading-title elementor-size-default\">Transformer la justice<\/h1>\t\t\t\t<\/div>\n\t\t\t\t<\/div>\n\t\t\t\t<div class=\"elementor-element elementor-element-4f1673e elementor-widget elementor-widget-heading\" data-id=\"4f1673e\" data-element_type=\"widget\" data-e-type=\"widget\" data-widget_type=\"heading.default\">\n\t\t\t\t<div class=\"elementor-widget-container\">\n\t\t\t\t\t<h3 class=\"elementor-heading-title elementor-size-default\">Cr\u00e9er de nouvelles voies de r\u00e9solution<\/h3>\t\t\t\t<\/div>\n\t\t\t\t<\/div>\n\t\t\t\t<div class=\"elementor-element elementor-element-708d34e elementor-widget elementor-widget-text-editor\" data-id=\"708d34e\" data-element_type=\"widget\" data-e-type=\"widget\" data-widget_type=\"text-editor.default\">\n\t\t\t\t<div class=\"elementor-widget-container\">\n\t\t\t\t\t\t\t\t\t<p>Que se passe-t-il lorsque les avocats parlent uniquement aux avocats? Vous obtenez des solutions selon un seul angle. Mais nous savons que ceci n\u2019apporte pas la justice conviviale dont nous avons besoin. La diversit\u00e9 et un engagement commun envers un objectif constituent la cl\u00e9 d\u2019une v\u00e9ritable transformation de la justice. Nous sommes convaincus que les designers, les entrepreneurs, les experts en finances, les psychologues et, surtout, les utilisateurs du syst\u00e8me judiciaire ont beaucoup \u00e0 apporter. Nos experts en transformation de la justice s&rsquo;efforcent de r\u00e9aliser des transformations ancr\u00e9es dans la r\u00e9alit\u00e9. Unir nos efforts autour d\u2019un d\u00e9fi juridique commun. D\u00e9finir \u00e0 quoi ressemblerait la gestion de ce d\u00e9fi. B\u00e2tir la confiance et l&rsquo;engagement personnels n\u00e9cessaires pour relever ce d\u00e9fi. Le renforcer par l\u2019innovation et l&rsquo;int\u00e9grer au syst\u00e8me judiciaire. C\u2019est comme \u00e7a que nous entendons vous aider.<\/p>\t\t\t\t\t\t\t\t<\/div>\n\t\t\t\t<\/div>\n\t\t\t\t<div class=\"elementor-element elementor-element-4ad9222 elementor-widget elementor-widget-heading\" data-id=\"4ad9222\" data-element_type=\"widget\" data-e-type=\"widget\" data-widget_type=\"heading.default\">\n\t\t\t\t<div class=\"elementor-widget-container\">\n\t\t\t\t\t<h3 class=\"elementor-heading-title elementor-size-default\">Projets apparent\u00e9s :<\/h3>\t\t\t\t<\/div>\n\t\t\t\t<\/div>\n\t\t\t\t<div class=\"elementor-element elementor-element-a8ec6d5 elementor-grid-4 elementor-grid-tablet-2 elementor-grid-mobile-1 elementor-widget elementor-widget-portfolio\" data-id=\"a8ec6d5\" data-element_type=\"widget\" data-e-type=\"widget\" data-settings=\"{&quot;columns&quot;:&quot;4&quot;,&quot;item_ratio&quot;:{&quot;unit&quot;:&quot;px&quot;,&quot;size&quot;:&quot;0.81&quot;,&quot;sizes&quot;:[]},&quot;item_gap&quot;:{&quot;unit&quot;:&quot;px&quot;,&quot;size&quot;:&quot;5&quot;,&quot;sizes&quot;:[]},&quot;row_gap&quot;:{&quot;unit&quot;:&quot;px&quot;,&quot;size&quot;:&quot;0&quot;,&quot;sizes&quot;:[]},&quot;columns_tablet&quot;:&quot;2&quot;,&quot;columns_mobile&quot;:&quot;1&quot;}\" data-widget_type=\"portfolio.default\">\n\t\t\t\t<div class=\"elementor-widget-container\">\n\t\t\t\t\t\t\t<div class=\"elementor-portfolio elementor-grid elementor-posts-container\" role=\"list\">\n\t\t\t\t<article class=\"elementor-portfolio-item elementor-post  post-13626 projects type-projects status-publish has-post-thumbnail hentry year_-256 country-the-netherlands service-the-justice-transformer topic-justice-transformation topic-neighbour-justice type-strategy\" role=\"listitem\">\n\t\t\t<a class=\"elementor-post__thumbnail__link\" href=\"https:\/\/www.hiil.org\/fr\/projets\/innovatielab-burenconflicten-de-buurtvredevoorziening\/\">\n\t\t\t\t<div class=\"elementor-portfolio-item__img elementor-post__thumbnail\">\n\t\t\t<img fetchpriority=\"high\" decoding=\"async\" width=\"768\" height=\"273\" src=\"https:\/\/www.hiil.org\/wp-content\/uploads\/2022\/06\/buren_long-1-768x273.jpg\" class=\"attachment-medium_large size-medium_large wp-image-13655\" alt=\"\" srcset=\"https:\/\/www.hiil.org\/wp-content\/uploads\/2022\/06\/buren_long-1-768x273.jpg 768w, https:\/\/www.hiil.org\/wp-content\/uploads\/2022\/06\/buren_long-1-300x107.jpg 300w, https:\/\/www.hiil.org\/wp-content\/uploads\/2022\/06\/buren_long-1-1536x547.jpg 1536w, https:\/\/www.hiil.org\/wp-content\/uploads\/2022\/06\/buren_long-1.jpg 1851w\" sizes=\"(max-width: 768px) 100vw, 768px\" \/>\t\t<\/div>\n\t\t\t\t<div class=\"elementor-portfolio-item__overlay\">\n\t\t\t\t<h3 class=\"elementor-portfolio-item__title\">\n\t\tInnovatielab burenconflicten &#8211; de buurtvredevoorziening\t\t<\/h3>\n\t\t\t\t<\/div>\n\t\t\t\t<\/a>\n\t\t<\/article>\n\t\t\t\t<article class=\"elementor-portfolio-item elementor-post  post-12377 projects type-projects status-publish has-post-thumbnail hentry year_-256 country-nigeria service-the-justice-transformer topic-court-innovation topic-crime topic-justice-transformation type-strategy\" role=\"listitem\">\n\t\t\t<a class=\"elementor-post__thumbnail__link\" href=\"https:\/\/www.hiil.org\/fr\/projets\/justice-transformation-in-kaduna-state-nigeria\/\">\n\t\t\t\t<div class=\"elementor-portfolio-item__img elementor-post__thumbnail\">\n\t\t\t<img decoding=\"async\" width=\"768\" height=\"242\" src=\"https:\/\/www.hiil.org\/wp-content\/uploads\/2022\/01\/Screenshot-2022-01-14-at-13.00.10-768x242.png\" class=\"attachment-medium_large size-medium_large wp-image-12380\" alt=\"\" srcset=\"https:\/\/www.hiil.org\/wp-content\/uploads\/2022\/01\/Screenshot-2022-01-14-at-13.00.10-768x242.png 768w, https:\/\/www.hiil.org\/wp-content\/uploads\/2022\/01\/Screenshot-2022-01-14-at-13.00.10-300x95.png 300w, https:\/\/www.hiil.org\/wp-content\/uploads\/2022\/01\/Screenshot-2022-01-14-at-13.00.10-1536x485.png 1536w, https:\/\/www.hiil.org\/wp-content\/uploads\/2022\/01\/Screenshot-2022-01-14-at-13.00.10.png 2040w\" sizes=\"(max-width: 768px) 100vw, 768px\" \/>\t\t<\/div>\n\t\t\t\t<div class=\"elementor-portfolio-item__overlay\">\n\t\t\t\t<h3 class=\"elementor-portfolio-item__title\">\n\t\tJustice Transformation in Kaduna State, Nigeria\t\t<\/h3>\n\t\t\t\t<\/div>\n\t\t\t\t<\/a>\n\t\t<\/article>\n\t\t\t\t<article class=\"elementor-portfolio-item elementor-post  post-10774 projects type-projects status-publish has-post-thumbnail hentry year_-186 year_-256 country-the-netherlands service-the-justice-transformer topic-crime topic-justice-transformation type-strategy\" role=\"listitem\">\n\t\t\t<a class=\"elementor-post__thumbnail__link\" href=\"https:\/\/www.hiil.org\/fr\/projets\/strafrecht-met-perspectief-changing-justice-gears\/\">\n\t\t\t\t<div class=\"elementor-portfolio-item__img elementor-post__thumbnail\">\n\t\t\t<img decoding=\"async\" width=\"768\" height=\"432\" src=\"https:\/\/www.hiil.org\/wp-content\/uploads\/2021\/05\/vishall-helm-Unn01mIhRuw-unsplash-768x432.jpg\" class=\"attachment-medium_large size-medium_large wp-image-10806\" alt=\"\" srcset=\"https:\/\/www.hiil.org\/wp-content\/uploads\/2021\/05\/vishall-helm-Unn01mIhRuw-unsplash-768x432.jpg 768w, https:\/\/www.hiil.org\/wp-content\/uploads\/2021\/05\/vishall-helm-Unn01mIhRuw-unsplash-300x169.jpg 300w, https:\/\/www.hiil.org\/wp-content\/uploads\/2021\/05\/vishall-helm-Unn01mIhRuw-unsplash-1820x1024.jpg 1820w, https:\/\/www.hiil.org\/wp-content\/uploads\/2021\/05\/vishall-helm-Unn01mIhRuw-unsplash-1536x864.jpg 1536w, https:\/\/www.hiil.org\/wp-content\/uploads\/2021\/05\/vishall-helm-Unn01mIhRuw-unsplash-2048x1152.jpg 2048w\" sizes=\"(max-width: 768px) 100vw, 768px\" \/>\t\t<\/div>\n\t\t\t\t<div class=\"elementor-portfolio-item__overlay\">\n\t\t\t\t<h3 class=\"elementor-portfolio-item__title\">\n\t\tStrafrecht met Perspectief (Changing Justice Gears)\t\t<\/h3>\n\t\t\t\t<\/div>\n\t\t\t\t<\/a>\n\t\t<\/article>\n\t\t\t\t<article class=\"elementor-portfolio-item elementor-post  post-10651 projects type-projects status-publish has-post-thumbnail hentry year_-186 country-nigeria service-the-justice-transformer topic-family-justice topic-justice-transformation topic-land-justice topic-neighbour-justice type-strategy\" role=\"listitem\">\n\t\t\t<a class=\"elementor-post__thumbnail__link\" href=\"https:\/\/www.hiil.org\/fr\/projets\/civil-justice-transformation-in-ogun-state-nigeria\/\">\n\t\t\t\t<div class=\"elementor-portfolio-item__img elementor-post__thumbnail\">\n\t\t\t<img loading=\"lazy\" decoding=\"async\" width=\"768\" height=\"349\" src=\"https:\/\/www.hiil.org\/wp-content\/uploads\/2021\/04\/Screenshot-2021-04-06-at-17.51.27-768x349.png\" class=\"attachment-medium_large size-medium_large wp-image-10656\" alt=\"\" srcset=\"https:\/\/www.hiil.org\/wp-content\/uploads\/2021\/04\/Screenshot-2021-04-06-at-17.51.27-768x349.png 768w, https:\/\/www.hiil.org\/wp-content\/uploads\/2021\/04\/Screenshot-2021-04-06-at-17.51.27-300x136.png 300w, https:\/\/www.hiil.org\/wp-content\/uploads\/2021\/04\/Screenshot-2021-04-06-at-17.51.27-1536x698.png 1536w, https:\/\/www.hiil.org\/wp-content\/uploads\/2021\/04\/Screenshot-2021-04-06-at-17.51.27.png 1624w\" sizes=\"(max-width: 768px) 100vw, 768px\" \/>\t\t<\/div>\n\t\t\t\t<div class=\"elementor-portfolio-item__overlay\">\n\t\t\t\t<h3 class=\"elementor-portfolio-item__title\">\n\t\tCivil Justice Transformation in Ogun State, Nigeria\t\t<\/h3>\n\t\t\t\t<\/div>\n\t\t\t\t<\/a>\n\t\t<\/article>\n\t\t\t\t<\/div>\n\t\t\t\t\t\t<\/div>\n\t\t\t\t<\/div>\n\t\t\t\t<div class=\"elementor-element elementor-element-412e728 elementor-align-center elementor-widget elementor-widget-button\" data-id=\"412e728\" data-element_type=\"widget\" data-e-type=\"widget\" data-widget_type=\"button.default\">\n\t\t\t\t<div class=\"elementor-widget-container\">\n\t\t\t\t\t\t\t\t\t<div class=\"elementor-button-wrapper\">\n\t\t\t\t\t<a class=\"elementor-button elementor-button-link elementor-size-sm\" href=\"\/fr\/projets\/?_sft_service=transformer-la-justice\">\n\t\t\t\t\t\t<span class=\"elementor-button-content-wrapper\">\n\t\t\t\t\t\t\t\t\t<span class=\"elementor-button-text\">Plus de projets apparent\u00e9s<\/span>\n\t\t\t\t\t<\/span>\n\t\t\t\t\t<\/a>\n\t\t\t\t<\/div>\n\t\t\t\t\t\t\t\t<\/div>\n\t\t\t\t<\/div>\n\t\t\t\t<div class=\"elementor-element elementor-element-e976c6e elementor-widget elementor-widget-heading\" data-id=\"e976c6e\" data-element_type=\"widget\" data-e-type=\"widget\" data-widget_type=\"heading.default\">\n\t\t\t\t<div class=\"elementor-widget-container\">\n\t\t\t\t\t<h3 class=\"elementor-heading-title elementor-size-default\">Groupe de leadership pour la justice<\/h3>\t\t\t\t<\/div>\n\t\t\t\t<\/div>\n\t\t\t\t<div class=\"elementor-element elementor-element-b39af49 elementor-widget elementor-widget-text-editor\" data-id=\"b39af49\" data-element_type=\"widget\" data-e-type=\"widget\" data-widget_type=\"text-editor.default\">\n\t\t\t\t<div class=\"elementor-widget-container\">\n\t\t\t\t\t\t\t\t\t<p>Nous travaillons en \u00e9troite collaboration avec un groupe d&rsquo;experts distingu\u00e9s.\u00a0Le groupe de leadership pour la justice se compose de 10 leaders de la justice de renomm\u00e9e internationale du monde entier, qui ont eux-m\u00eames accompli une refonte impressionnante de la justice dans leurs communaut\u00e9s respectives. Avec leur exp\u00e9rience et leur renomm\u00e9e immenses, ils contribuent \u00e0 cr\u00e9er des coalitions contre les probl\u00e8mes juridiques les plus pressants et \u00e0 r\u00e9soudre ces probl\u00e8mes sous plusieurs angles.<\/p>\n\t\t\t\t\t\t\t\t<\/div>\n\t\t\t\t<\/div>\n\t\t\t\t<div class=\"elementor-element elementor-element-9e8c913 elementor-align-center elementor-widget elementor-widget-button\" data-id=\"9e8c913\" data-element_type=\"widget\" data-e-type=\"widget\" data-widget_type=\"button.default\">\n\t\t\t\t<div class=\"elementor-widget-container\">\n\t\t\t\t\t\t\t\t\t<div class=\"elementor-button-wrapper\">\n\t\t\t\t\t<a class=\"elementor-button elementor-button-link elementor-size-sm\" href=\"http:\/\/justiceleaders.org\/\" target=\"_blank\">\n\t\t\t\t\t\t<span class=\"elementor-button-content-wrapper\">\n\t\t\t\t\t\t\t\t\t<span class=\"elementor-button-text\">D\u00e9couvrez les leaders de la justice<\/span>\n\t\t\t\t\t<\/span>\n\t\t\t\t\t<\/a>\n\t\t\t\t<\/div>\n\t\t\t\t\t\t\t\t<\/div>\n\t\t\t\t<\/div>\n\t\t\t\t\t<\/div>\n\t\t<\/div>\n\t\t\t\t\t<\/div>\n\t\t<\/section>\n\t\t\t\t<section class=\"elementor-section elementor-top-section elementor-element elementor-element-19f6858 elementor-section-stretched elementor-section-full_width elementor-section-height-default elementor-section-height-default\" data-id=\"19f6858\" data-element_type=\"section\" data-e-type=\"section\" data-settings=\"{&quot;stretch_section&quot;:&quot;section-stretched&quot;,&quot;background_background&quot;:&quot;classic&quot;}\">\n\t\t\t\t\t\t<div class=\"elementor-container elementor-column-gap-default\">\n\t\t\t\t\t<div class=\"elementor-column elementor-col-100 elementor-top-column elementor-element elementor-element-7051caf\" data-id=\"7051caf\" data-element_type=\"column\" data-e-type=\"column\">\n\t\t\t<div class=\"elementor-widget-wrap elementor-element-populated\">\n\t\t\t\t\t\t<div class=\"elementor-element elementor-element-98a1737 elementor-widget elementor-widget-text-editor\" data-id=\"98a1737\" data-element_type=\"widget\" data-e-type=\"widget\" data-widget_type=\"text-editor.default\">\n\t\t\t\t<div class=\"elementor-widget-container\">\n\t\t\t\t\t\t\t\t\t<p>Vous souhaitez participer \u00e0 la transformation dans le secteur juridique?<\/p>\t\t\t\t\t\t\t\t<\/div>\n\t\t\t\t<\/div>\n\t\t\t\t<div class=\"elementor-element elementor-element-7f22706 elementor-align-center elementor-widget elementor-widget-button\" data-id=\"7f22706\" data-element_type=\"widget\" data-e-type=\"widget\" data-widget_type=\"button.default\">\n\t\t\t\t<div class=\"elementor-widget-container\">\n\t\t\t\t\t\t\t\t\t<div class=\"elementor-button-wrapper\">\n\t\t\t\t\t<a class=\"elementor-button elementor-button-link elementor-size-sm\" href=\"\/fr\/equipe\/tobijn-de-graauw\/\">\n\t\t\t\t\t\t<span class=\"elementor-button-content-wrapper\">\n\t\t\t\t\t\t\t\t\t<span class=\"elementor-button-text\">Contactez Tobijn de Graauw<\/span>\n\t\t\t\t\t<\/span>\n\t\t\t\t\t<\/a>\n\t\t\t\t<\/div>\n\t\t\t\t\t\t\t\t<\/div>\n\t\t\t\t<\/div>\n\t\t\t\t\t<\/div>\n\t\t<\/div>\n\t\t\t\t\t<\/div>\n\t\t<\/section>\n\t\t\t\t<\/div>\n\t\t","protected":false},"excerpt":{"rendered":"<p>Transformer la justice Cr\u00e9er de nouvelles voies de r\u00e9solution Que se passe-t-il lorsque les avocats parlent uniquement aux avocats? Vous obtenez des solutions selon un seul angle. Mais nous savons que ceci n\u2019apporte pas la justice conviviale dont nous avons besoin. La diversit\u00e9 et un engagement commun envers un objectif constituent la cl\u00e9 d\u2019une v\u00e9ritable [&hellip;]<\/p>\n","protected":false},"author":1,"featured_media":0,"parent":7548,"menu_order":45,"comment_status":"closed","ping_status":"closed","template":"hiil-sub-subpage.php","meta":{"_acf_changed":false,"footnotes":""},"class_list":["post-7602","page","type-page","status-publish","hentry"],"acf":[],"yoast_head":"<!-- This site is optimized with the Yoast SEO plugin v27.3 - https:\/\/yoast.com\/product\/yoast-seo-wordpress\/ -->\n<title>Transformer la justice - HiiL<\/title>\n<meta name=\"robots\" content=\"index, follow, max-snippet:-1, max-image-preview:large, max-video-preview:-1\" \/>\n<link rel=\"canonical\" href=\"https:\/\/www.hiil.org\/fr\/notre-travail\/transformer-la-justice\/\" \/>\n<meta property=\"og:locale\" content=\"fr_FR\" \/>\n<meta property=\"og:type\" content=\"article\" \/>\n<meta property=\"og:title\" content=\"Transformer la justice - HiiL\" \/>\n<meta property=\"og:description\" content=\"Transformer la justice Cr\u00e9er de nouvelles voies de r\u00e9solution Que se passe-t-il lorsque les avocats parlent uniquement aux avocats? Vous obtenez des solutions selon un seul angle. Mais nous savons que ceci n\u2019apporte pas la justice conviviale dont nous avons besoin. La diversit\u00e9 et un engagement commun envers un objectif constituent la cl\u00e9 d\u2019une v\u00e9ritable [&hellip;]\" \/>\n<meta property=\"og:url\" content=\"https:\/\/www.hiil.org\/fr\/notre-travail\/transformer-la-justice\/\" \/>\n<meta property=\"og:site_name\" content=\"HiiL\" \/>\n<meta property=\"article:publisher\" content=\"https:\/\/www.facebook.com\/UserFriendlyJustice\/\" \/>\n<meta property=\"article:modified_time\" content=\"2021-01-12T12:50:17+00:00\" \/>\n<meta name=\"twitter:card\" content=\"summary_large_image\" \/>\n<meta name=\"twitter:site\" content=\"@InnoJustice\" \/>\n<meta name=\"twitter:label1\" content=\"Dur\u00e9e de lecture estim\u00e9e\" \/>\n\t<meta name=\"twitter:data1\" content=\"1 minute\" \/>\n<script type=\"application\/ld+json\" class=\"yoast-schema-graph\">{\"@context\":\"https:\\\/\\\/schema.org\",\"@graph\":[{\"@type\":\"WebPage\",\"@id\":\"https:\\\/\\\/www.hiil.org\\\/fr\\\/notre-travail\\\/transformer-la-justice\\\/\",\"url\":\"https:\\\/\\\/www.hiil.org\\\/fr\\\/notre-travail\\\/transformer-la-justice\\\/\",\"name\":\"Transformer la justice - HiiL\",\"isPartOf\":{\"@id\":\"https:\\\/\\\/www.hiil.org\\\/fr\\\/#website\"},\"datePublished\":\"2020-07-12T08:19:16+00:00\",\"dateModified\":\"2021-01-12T12:50:17+00:00\",\"breadcrumb\":{\"@id\":\"https:\\\/\\\/www.hiil.org\\\/fr\\\/notre-travail\\\/transformer-la-justice\\\/#breadcrumb\"},\"inLanguage\":\"fr-FR\",\"potentialAction\":[{\"@type\":\"ReadAction\",\"target\":[\"https:\\\/\\\/www.hiil.org\\\/fr\\\/notre-travail\\\/transformer-la-justice\\\/\"]}]},{\"@type\":\"BreadcrumbList\",\"@id\":\"https:\\\/\\\/www.hiil.org\\\/fr\\\/notre-travail\\\/transformer-la-justice\\\/#breadcrumb\",\"itemListElement\":[{\"@type\":\"ListItem\",\"position\":1,\"name\":\"Home\",\"item\":\"https:\\\/\\\/www.hiil.org\\\/fr\\\/\"},{\"@type\":\"ListItem\",\"position\":2,\"name\":\"Notre travail\",\"item\":\"https:\\\/\\\/www.hiil.org\\\/fr\\\/what-we-do\\\/\"},{\"@type\":\"ListItem\",\"position\":3,\"name\":\"Transformer la justice\"}]},{\"@type\":\"WebSite\",\"@id\":\"https:\\\/\\\/www.hiil.org\\\/fr\\\/#website\",\"url\":\"https:\\\/\\\/www.hiil.org\\\/fr\\\/\",\"name\":\"HiiL\",\"description\":\"Pour une justice ax\u00e9e sur les personnes\",\"publisher\":{\"@id\":\"https:\\\/\\\/www.hiil.org\\\/fr\\\/#organization\"},\"potentialAction\":[{\"@type\":\"SearchAction\",\"target\":{\"@type\":\"EntryPoint\",\"urlTemplate\":\"https:\\\/\\\/www.hiil.org\\\/fr\\\/?s={search_term_string}\"},\"query-input\":{\"@type\":\"PropertyValueSpecification\",\"valueRequired\":true,\"valueName\":\"search_term_string\"}}],\"inLanguage\":\"fr-FR\"},{\"@type\":\"Organization\",\"@id\":\"https:\\\/\\\/www.hiil.org\\\/fr\\\/#organization\",\"name\":\"HiiL\",\"url\":\"https:\\\/\\\/www.hiil.org\\\/fr\\\/\",\"logo\":{\"@type\":\"ImageObject\",\"inLanguage\":\"fr-FR\",\"@id\":\"https:\\\/\\\/www.hiil.org\\\/fr\\\/#\\\/schema\\\/logo\\\/image\\\/\",\"url\":\"https:\\\/\\\/www.hiil.org\\\/wp-content\\\/uploads\\\/2018\\\/06\\\/temp_logo-e1528749988588.png\",\"contentUrl\":\"https:\\\/\\\/www.hiil.org\\\/wp-content\\\/uploads\\\/2018\\\/06\\\/temp_logo-e1528749988588.png\",\"width\":112,\"height\":67,\"caption\":\"HiiL\"},\"image\":{\"@id\":\"https:\\\/\\\/www.hiil.org\\\/fr\\\/#\\\/schema\\\/logo\\\/image\\\/\"},\"sameAs\":[\"https:\\\/\\\/www.facebook.com\\\/UserFriendlyJustice\\\/\",\"https:\\\/\\\/x.com\\\/InnoJustice\",\"https:\\\/\\\/www.instagram.com\\\/userfriendlyjustice\\\/\",\"https:\\\/\\\/www.linkedin.com\\\/company\\\/hiil-hague-institute-for-internationalisation-of-law\\\/\"]}]}<\/script>\n<!-- \/ Yoast SEO plugin. -->","yoast_head_json":{"title":"Transformer la justice - HiiL","robots":{"index":"index","follow":"follow","max-snippet":"max-snippet:-1","max-image-preview":"max-image-preview:large","max-video-preview":"max-video-preview:-1"},"canonical":"https:\/\/www.hiil.org\/fr\/notre-travail\/transformer-la-justice\/","og_locale":"fr_FR","og_type":"article","og_title":"Transformer la justice - HiiL","og_description":"Transformer la justice Cr\u00e9er de nouvelles voies de r\u00e9solution Que se passe-t-il lorsque les avocats parlent uniquement aux avocats? Vous obtenez des solutions selon un seul angle. Mais nous savons que ceci n\u2019apporte pas la justice conviviale dont nous avons besoin. La diversit\u00e9 et un engagement commun envers un objectif constituent la cl\u00e9 d\u2019une v\u00e9ritable [&hellip;]","og_url":"https:\/\/www.hiil.org\/fr\/notre-travail\/transformer-la-justice\/","og_site_name":"HiiL","article_publisher":"https:\/\/www.facebook.com\/UserFriendlyJustice\/","article_modified_time":"2021-01-12T12:50:17+00:00","twitter_card":"summary_large_image","twitter_site":"@InnoJustice","twitter_misc":{"Dur\u00e9e de lecture estim\u00e9e":"1 minute"},"schema":{"@context":"https:\/\/schema.org","@graph":[{"@type":"WebPage","@id":"https:\/\/www.hiil.org\/fr\/notre-travail\/transformer-la-justice\/","url":"https:\/\/www.hiil.org\/fr\/notre-travail\/transformer-la-justice\/","name":"Transformer la justice - HiiL","isPartOf":{"@id":"https:\/\/www.hiil.org\/fr\/#website"},"datePublished":"2020-07-12T08:19:16+00:00","dateModified":"2021-01-12T12:50:17+00:00","breadcrumb":{"@id":"https:\/\/www.hiil.org\/fr\/notre-travail\/transformer-la-justice\/#breadcrumb"},"inLanguage":"fr-FR","potentialAction":[{"@type":"ReadAction","target":["https:\/\/www.hiil.org\/fr\/notre-travail\/transformer-la-justice\/"]}]},{"@type":"BreadcrumbList","@id":"https:\/\/www.hiil.org\/fr\/notre-travail\/transformer-la-justice\/#breadcrumb","itemListElement":[{"@type":"ListItem","position":1,"name":"Home","item":"https:\/\/www.hiil.org\/fr\/"},{"@type":"ListItem","position":2,"name":"Notre travail","item":"https:\/\/www.hiil.org\/fr\/what-we-do\/"},{"@type":"ListItem","position":3,"name":"Transformer la justice"}]},{"@type":"WebSite","@id":"https:\/\/www.hiil.org\/fr\/#website","url":"https:\/\/www.hiil.org\/fr\/","name":"HiiL","description":"Pour une justice ax\u00e9e sur les personnes","publisher":{"@id":"https:\/\/www.hiil.org\/fr\/#organization"},"potentialAction":[{"@type":"SearchAction","target":{"@type":"EntryPoint","urlTemplate":"https:\/\/www.hiil.org\/fr\/?s={search_term_string}"},"query-input":{"@type":"PropertyValueSpecification","valueRequired":true,"valueName":"search_term_string"}}],"inLanguage":"fr-FR"},{"@type":"Organization","@id":"https:\/\/www.hiil.org\/fr\/#organization","name":"HiiL","url":"https:\/\/www.hiil.org\/fr\/","logo":{"@type":"ImageObject","inLanguage":"fr-FR","@id":"https:\/\/www.hiil.org\/fr\/#\/schema\/logo\/image\/","url":"https:\/\/www.hiil.org\/wp-content\/uploads\/2018\/06\/temp_logo-e1528749988588.png","contentUrl":"https:\/\/www.hiil.org\/wp-content\/uploads\/2018\/06\/temp_logo-e1528749988588.png","width":112,"height":67,"caption":"HiiL"},"image":{"@id":"https:\/\/www.hiil.org\/fr\/#\/schema\/logo\/image\/"},"sameAs":["https:\/\/www.facebook.com\/UserFriendlyJustice\/","https:\/\/x.com\/InnoJustice","https:\/\/www.instagram.com\/userfriendlyjustice\/","https:\/\/www.linkedin.com\/company\/hiil-hague-institute-for-internationalisation-of-law\/"]}]}},"_links":{"self":[{"href":"https:\/\/www.hiil.org\/fr\/wp-json\/wp\/v2\/pages\/7602","targetHints":{"allow":["GET"]}}],"collection":[{"href":"https:\/\/www.hiil.org\/fr\/wp-json\/wp\/v2\/pages"}],"about":[{"href":"https:\/\/www.hiil.org\/fr\/wp-json\/wp\/v2\/types\/page"}],"author":[{"embeddable":true,"href":"https:\/\/www.hiil.org\/fr\/wp-json\/wp\/v2\/users\/1"}],"replies":[{"embeddable":true,"href":"https:\/\/www.hiil.org\/fr\/wp-json\/wp\/v2\/comments?post=7602"}],"version-history":[{"count":11,"href":"https:\/\/www.hiil.org\/fr\/wp-json\/wp\/v2\/pages\/7602\/revisions"}],"predecessor-version":[{"id":10091,"href":"https:\/\/www.hiil.org\/fr\/wp-json\/wp\/v2\/pages\/7602\/revisions\/10091"}],"up":[{"embeddable":true,"href":"https:\/\/www.hiil.org\/fr\/wp-json\/wp\/v2\/pages\/7548"}],"wp:attachment":[{"href":"https:\/\/www.hiil.org\/fr\/wp-json\/wp\/v2\/media?parent=7602"}],"curies":[{"name":"wp","href":"https:\/\/api.w.org\/{rel}","templated":true}]}}