{"id":7561,"date":"2020-07-12T07:16:53","date_gmt":"2020-07-12T07:16:53","guid":{"rendered":"https:\/\/www.hiil.org\/notre-travail\/evaluer-la-justice\/"},"modified":"2021-01-12T12:44:41","modified_gmt":"2021-01-12T12:44:41","slug":"evaluer-la-justice","status":"publish","type":"page","link":"https:\/\/www.hiil.org\/fr\/notre-travail\/evaluer-la-justice\/","title":{"rendered":"\u00c9valuer la justice"},"content":{"rendered":"\t\t<div data-elementor-type=\"wp-page\" data-elementor-id=\"7561\" class=\"elementor elementor-7561\" data-elementor-post-type=\"page\">\n\t\t\t\t\t\t<section class=\"elementor-section elementor-top-section elementor-element elementor-element-73a2433 elementor-section-boxed elementor-section-height-default elementor-section-height-default\" data-id=\"73a2433\" data-element_type=\"section\" data-e-type=\"section\">\n\t\t\t\t\t\t<div class=\"elementor-container elementor-column-gap-no\">\n\t\t\t\t\t<div class=\"elementor-column elementor-col-100 elementor-top-column elementor-element elementor-element-c893cfe\" data-id=\"c893cfe\" data-element_type=\"column\" data-e-type=\"column\">\n\t\t\t<div class=\"elementor-widget-wrap elementor-element-populated\">\n\t\t\t\t\t\t<div class=\"elementor-element elementor-element-a6db697 icon-service-survey elementor-widget elementor-widget-heading\" data-id=\"a6db697\" data-element_type=\"widget\" data-e-type=\"widget\" data-widget_type=\"heading.default\">\n\t\t\t\t<div class=\"elementor-widget-container\">\n\t\t\t\t\t<h1 class=\"elementor-heading-title elementor-size-default\">\u00c9valuer la justice<\/h1>\t\t\t\t<\/div>\n\t\t\t\t<\/div>\n\t\t\t\t<div class=\"elementor-element elementor-element-2372c69 elementor-widget elementor-widget-heading\" data-id=\"2372c69\" data-element_type=\"widget\" data-e-type=\"widget\" data-widget_type=\"heading.default\">\n\t\t\t\t<div class=\"elementor-widget-container\">\n\t\t\t\t\t<h3 class=\"elementor-heading-title elementor-size-default\">D\u00e9finir les besoins des citoyens<\/h3>\t\t\t\t<\/div>\n\t\t\t\t<\/div>\n\t\t\t\t<div class=\"elementor-element elementor-element-de41335 elementor-widget elementor-widget-text-editor\" data-id=\"de41335\" data-element_type=\"widget\" data-e-type=\"widget\" data-widget_type=\"text-editor.default\">\n\t\t\t\t<div class=\"elementor-widget-container\">\n\t\t\t\t\t\t\t\t\t<p>La justice, ce n\u2019est pas seulement le nombre de crimes d\u00e9clar\u00e9s. Il ne s\u2019agit pas non plus de tribunaux et de lois. Il s\u2019agit des gens du peuple. Leurs vies quotidiennes, leurs peines et leurs frustrations \u2013 et les r\u00e9sultats juridiques qu&rsquo;ils obtiennent ou pas.<\/p><p>Voil\u00e0 pourquoi nous sommes \u00e0 l\u2019\u00e9coute des citoyens des diff\u00e9rents pays pour conna\u00eetre leur degr\u00e9 de satisfaction vis-\u00e0-vis du syst\u00e8me judiciaire. Nous collectons les t\u00e9moignages de milliers de personnes avec notre enqu\u00eate sur les besoins et la satisfaction en mati\u00e8re de justice (JNS). Gr\u00e2ce \u00e0 l\u2019enqu\u00eate, nous dressons un tableau qui r\u00e9v\u00e8le les vrais probl\u00e8mes juridiques des personnes, leurs exp\u00e9riences et l\u2019acc\u00e8s \u00e0 la justice. Adapt\u00e9 au contexte sp\u00e9cifique du pays, ce dernier permet une compr\u00e9hension approfondie. C\u2019est unique au monde. L\u2019enqu\u00eate a \u00e9t\u00e9 men\u00e9e dans plus de 18\u00a0pays.\u00a0 Donc oui, nous en sommes fiers. Parce que l&rsquo;innovation et la transformation ne peuvent commencer qu&rsquo;apr\u00e8s que les hypoth\u00e8ses sont \u00e9tay\u00e9es par des donn\u00e9es r\u00e9elles.<\/p>\t\t\t\t\t\t\t\t<\/div>\n\t\t\t\t<\/div>\n\t\t\t\t<div class=\"elementor-element elementor-element-f59e116 elementor-widget elementor-widget-heading\" data-id=\"f59e116\" data-element_type=\"widget\" data-e-type=\"widget\" data-widget_type=\"heading.default\">\n\t\t\t\t<div class=\"elementor-widget-container\">\n\t\t\t\t\t<h3 class=\"elementor-heading-title elementor-size-default\">Nos rapports de donn\u00e9es :<\/h3>\t\t\t\t<\/div>\n\t\t\t\t<\/div>\n\t\t\t\t<div class=\"elementor-element elementor-element-82a4c16 elementor-grid-4 elementor-grid-tablet-2 elementor-grid-mobile-1 elementor-widget elementor-widget-portfolio\" data-id=\"82a4c16\" data-element_type=\"widget\" data-e-type=\"widget\" data-settings=\"{&quot;columns&quot;:&quot;4&quot;,&quot;item_ratio&quot;:{&quot;unit&quot;:&quot;px&quot;,&quot;size&quot;:&quot;0.81&quot;,&quot;sizes&quot;:[]},&quot;item_gap&quot;:{&quot;unit&quot;:&quot;px&quot;,&quot;size&quot;:&quot;5&quot;,&quot;sizes&quot;:[]},&quot;row_gap&quot;:{&quot;unit&quot;:&quot;px&quot;,&quot;size&quot;:&quot;0&quot;,&quot;sizes&quot;:[]},&quot;columns_tablet&quot;:&quot;2&quot;,&quot;columns_mobile&quot;:&quot;1&quot;}\" data-widget_type=\"portfolio.default\">\n\t\t\t\t<div class=\"elementor-widget-container\">\n\t\t\t\t\t\t\t<div class=\"elementor-portfolio elementor-grid elementor-posts-container\" role=\"list\">\n\t\t\t\t<article class=\"elementor-portfolio-item elementor-post  post-16005 projects type-projects status-publish has-post-thumbnail hentry year_-256 country-global service-service-1 service-other-publication topic-evidence-based topic-family-justice topic-women type-policy-brief\" role=\"listitem\">\n\t\t\t<a class=\"elementor-post__thumbnail__link\" href=\"https:\/\/www.hiil.org\/fr\/projets\/measuring-the-justice-outcomes-that-survivors-of-intimate-partner-violence-seek\/\">\n\t\t\t\t<div class=\"elementor-portfolio-item__img elementor-post__thumbnail\">\n\t\t\t<img fetchpriority=\"high\" decoding=\"async\" width=\"768\" height=\"388\" src=\"https:\/\/www.hiil.org\/wp-content\/uploads\/2023\/01\/outcomes-tool-768x388.jpg\" class=\"attachment-medium_large size-medium_large wp-image-16732\" alt=\"\" srcset=\"https:\/\/www.hiil.org\/wp-content\/uploads\/2023\/01\/outcomes-tool-768x388.jpg 768w, https:\/\/www.hiil.org\/wp-content\/uploads\/2023\/01\/outcomes-tool-300x151.jpg 300w, https:\/\/www.hiil.org\/wp-content\/uploads\/2023\/01\/outcomes-tool-1536x775.jpg 1536w, https:\/\/www.hiil.org\/wp-content\/uploads\/2023\/01\/outcomes-tool.jpg 1613w\" sizes=\"(max-width: 768px) 100vw, 768px\" \/>\t\t<\/div>\n\t\t\t\t<div class=\"elementor-portfolio-item__overlay\">\n\t\t\t\t<h4 class=\"elementor-portfolio-item__title\">\n\t\tPolicy Brief: Measuring the justice outcomes that survivors of intimate partner violence seek\t\t<\/h4>\n\t\t\t\t<\/div>\n\t\t\t\t<\/a>\n\t\t<\/article>\n\t\t\t\t<article class=\"elementor-portfolio-item elementor-post  post-10610 projects type-projects status-publish has-post-thumbnail hentry year_-186 country-ethiopia service-service-1 topic-crime topic-family-justice topic-idps-refugees topic-land-justice topic-neighbour-justice topic-survey-data type-justice-needs-study\" role=\"listitem\">\n\t\t\t<a class=\"elementor-post__thumbnail__link\" href=\"https:\/\/www.hiil.org\/fr\/projets\/justice-needs-and-satisfaction-of-refugees-in-ethiopia\/\">\n\t\t\t\t<div class=\"elementor-portfolio-item__img elementor-post__thumbnail\">\n\t\t\t<img decoding=\"async\" width=\"768\" height=\"512\" src=\"https:\/\/www.hiil.org\/wp-content\/uploads\/2021\/03\/IMG_2647-768x512.jpg\" class=\"attachment-medium_large size-medium_large wp-image-10611\" alt=\"The Justice Needs of Refugees in Ethiopia\" srcset=\"https:\/\/www.hiil.org\/wp-content\/uploads\/2021\/03\/IMG_2647-768x512.jpg 768w, https:\/\/www.hiil.org\/wp-content\/uploads\/2021\/03\/IMG_2647-300x200.jpg 300w, https:\/\/www.hiil.org\/wp-content\/uploads\/2021\/03\/IMG_2647-1536x1024.jpg 1536w, https:\/\/www.hiil.org\/wp-content\/uploads\/2021\/03\/IMG_2647-2048x1365.jpg 2048w\" sizes=\"(max-width: 768px) 100vw, 768px\" \/>\t\t<\/div>\n\t\t\t\t<div class=\"elementor-portfolio-item__overlay\">\n\t\t\t\t<h4 class=\"elementor-portfolio-item__title\">\n\t\tJustice Needs and Satisfaction of Refugees in Ethiopia\t\t<\/h4>\n\t\t\t\t<\/div>\n\t\t\t\t<\/a>\n\t\t<\/article>\n\t\t\t\t<article class=\"elementor-portfolio-item elementor-post  post-10257 projects type-projects status-publish has-post-thumbnail hentry year_-186 year_-256 country-global service-family-justice service-land-justice service-service-1 service-other-publication service-survey-data service-the-justice-transformer topic-court-innovation topic-evidence-based topic-justice-entrepreneurs topic-justice-transformation type-trend-report\" role=\"listitem\">\n\t\t\t<a class=\"elementor-post__thumbnail__link\" href=\"https:\/\/www.hiil.org\/fr\/projets\/delivering-justice-rigorously-sdg-16-3-trend-report\/\">\n\t\t\t\t<div class=\"elementor-portfolio-item__img elementor-post__thumbnail\">\n\t\t\t<img decoding=\"async\" width=\"768\" height=\"273\" src=\"https:\/\/www.hiil.org\/wp-content\/uploads\/2021\/02\/trendreport2021-featured-img-1-768x273.jpg\" class=\"attachment-medium_large size-medium_large wp-image-10264\" alt=\"\" srcset=\"https:\/\/www.hiil.org\/wp-content\/uploads\/2021\/02\/trendreport2021-featured-img-1-768x273.jpg 768w, https:\/\/www.hiil.org\/wp-content\/uploads\/2021\/02\/trendreport2021-featured-img-1-300x107.jpg 300w, https:\/\/www.hiil.org\/wp-content\/uploads\/2021\/02\/trendreport2021-featured-img-1-1536x547.jpg 1536w, https:\/\/www.hiil.org\/wp-content\/uploads\/2021\/02\/trendreport2021-featured-img-1.jpg 1851w\" sizes=\"(max-width: 768px) 100vw, 768px\" \/>\t\t<\/div>\n\t\t\t\t<div class=\"elementor-portfolio-item__overlay\">\n\t\t\t\t<h4 class=\"elementor-portfolio-item__title\">\n\t\tDelivering Justice, Rigorously. SDG 16.3 Trend Report\t\t<\/h4>\n\t\t\t\t<\/div>\n\t\t\t\t<\/a>\n\t\t<\/article>\n\t\t\t\t<article class=\"elementor-portfolio-item elementor-post  post-10201 projects type-projects status-publish has-post-thumbnail hentry year_-186 country-the-netherlands service-service-1 topic-neighbour-justice topic-survey-data type-justice-needs-study\" role=\"listitem\">\n\t\t\t<a class=\"elementor-post__thumbnail__link\" href=\"https:\/\/www.hiil.org\/fr\/projets\/justice-needs-and-satisfaction-in-the-hague\/\">\n\t\t\t\t<div class=\"elementor-portfolio-item__img elementor-post__thumbnail\">\n\t\t\t<img loading=\"lazy\" decoding=\"async\" width=\"768\" height=\"512\" src=\"https:\/\/www.hiil.org\/wp-content\/uploads\/2021\/01\/sofia-wertmiller-3DgW1TEUhh0-unsplash-768x512.jpg\" class=\"attachment-medium_large size-medium_large wp-image-10210\" alt=\"\" srcset=\"https:\/\/www.hiil.org\/wp-content\/uploads\/2021\/01\/sofia-wertmiller-3DgW1TEUhh0-unsplash-768x512.jpg 768w, https:\/\/www.hiil.org\/wp-content\/uploads\/2021\/01\/sofia-wertmiller-3DgW1TEUhh0-unsplash-300x200.jpg 300w, https:\/\/www.hiil.org\/wp-content\/uploads\/2021\/01\/sofia-wertmiller-3DgW1TEUhh0-unsplash-1536x1024.jpg 1536w, https:\/\/www.hiil.org\/wp-content\/uploads\/2021\/01\/sofia-wertmiller-3DgW1TEUhh0-unsplash-2048x1365.jpg 2048w\" sizes=\"(max-width: 768px) 100vw, 768px\" \/>\t\t<\/div>\n\t\t\t\t<div class=\"elementor-portfolio-item__overlay\">\n\t\t\t\t<h4 class=\"elementor-portfolio-item__title\">\n\t\tJustice Needs and Satisfaction in The Hague\t\t<\/h4>\n\t\t\t\t<\/div>\n\t\t\t\t<\/a>\n\t\t<\/article>\n\t\t\t\t<\/div>\n\t\t\t\t\t\t<\/div>\n\t\t\t\t<\/div>\n\t\t\t\t<div class=\"elementor-element elementor-element-5e27c7e elementor-align-center elementor-widget elementor-widget-button\" data-id=\"5e27c7e\" data-element_type=\"widget\" data-e-type=\"widget\" data-widget_type=\"button.default\">\n\t\t\t\t<div class=\"elementor-widget-container\">\n\t\t\t\t\t\t\t\t\t<div class=\"elementor-button-wrapper\">\n\t\t\t\t\t<a class=\"elementor-button elementor-button-link elementor-size-sm\" href=\"\/fr\/projets\/?_sft_service=evaluer-la-justice\">\n\t\t\t\t\t\t<span class=\"elementor-button-content-wrapper\">\n\t\t\t\t\t\t\t\t\t<span class=\"elementor-button-text\">Plus de rapports de donn\u00e9es<\/span>\n\t\t\t\t\t<\/span>\n\t\t\t\t\t<\/a>\n\t\t\t\t<\/div>\n\t\t\t\t\t\t\t\t<\/div>\n\t\t\t\t<\/div>\n\t\t\t\t<div class=\"elementor-element elementor-element-0240a02 elementor-widget elementor-widget-heading\" data-id=\"0240a02\" data-element_type=\"widget\" data-e-type=\"widget\" data-widget_type=\"heading.default\">\n\t\t\t\t<div class=\"elementor-widget-container\">\n\t\t\t\t\t<h3 class=\"elementor-heading-title elementor-size-default\">Tableau de bord de donn\u00e9es interactif<\/h3>\t\t\t\t<\/div>\n\t\t\t\t<\/div>\n\t\t\t\t<div class=\"elementor-element elementor-element-271de68 elementor-widget elementor-widget-text-editor\" data-id=\"271de68\" data-element_type=\"widget\" data-e-type=\"widget\" data-widget_type=\"text-editor.default\">\n\t\t\t\t<div class=\"elementor-widget-container\">\n\t\t\t\t\t\t\t\t\t<p>L\u2019acc\u00e8s \u00e0 la justice signifie l\u2019acc\u00e8s \u00e0 l\u2019information. Le tableau de bord de la justice vous met nos donn\u00e9es \u00e0 port\u00e9e de main. Explorez les probl\u00e8mes rencontr\u00e9s par les gens ordinaires. Comprenez leurs strat\u00e9gies pour r\u00e9soudre les probl\u00e8mes. Voyez o\u00f9 ils sont bloqu\u00e9s. Le tableau de bord vise \u00e0 concevoir des m\u00e9thodes conviviales d\u2019apporter la justice pour tous.<\/p>\n\t\t\t\t\t\t\t\t<\/div>\n\t\t\t\t<\/div>\n\t\t\t\t<div class=\"elementor-element elementor-element-36e7d3f elementor-align-center elementor-widget elementor-widget-button\" data-id=\"36e7d3f\" data-element_type=\"widget\" data-e-type=\"widget\" data-widget_type=\"button.default\">\n\t\t\t\t<div class=\"elementor-widget-container\">\n\t\t\t\t\t\t\t\t\t<div class=\"elementor-button-wrapper\">\n\t\t\t\t\t<a class=\"elementor-button elementor-button-link elementor-size-sm\" href=\"https:\/\/justice-dashboard.com\/\" target=\"_blank\">\n\t\t\t\t\t\t<span class=\"elementor-button-content-wrapper\">\n\t\t\t\t\t\t\t\t\t<span class=\"elementor-button-text\">Explorer le tableau de bord<\/span>\n\t\t\t\t\t<\/span>\n\t\t\t\t\t<\/a>\n\t\t\t\t<\/div>\n\t\t\t\t\t\t\t\t<\/div>\n\t\t\t\t<\/div>\n\t\t\t\t\t<\/div>\n\t\t<\/div>\n\t\t\t\t\t<\/div>\n\t\t<\/section>\n\t\t\t\t<section class=\"elementor-section elementor-top-section elementor-element elementor-element-8e9e2cc elementor-section-stretched elementor-section-full_width elementor-section-height-default elementor-section-height-default\" data-id=\"8e9e2cc\" data-element_type=\"section\" data-e-type=\"section\" data-settings=\"{&quot;stretch_section&quot;:&quot;section-stretched&quot;,&quot;background_background&quot;:&quot;classic&quot;}\">\n\t\t\t\t\t\t<div class=\"elementor-container elementor-column-gap-default\">\n\t\t\t\t\t<div class=\"elementor-column elementor-col-100 elementor-top-column elementor-element elementor-element-ed02f33\" data-id=\"ed02f33\" data-element_type=\"column\" data-e-type=\"column\">\n\t\t\t<div class=\"elementor-widget-wrap elementor-element-populated\">\n\t\t\t\t\t\t<div class=\"elementor-element elementor-element-02afd56 elementor-widget elementor-widget-text-editor\" data-id=\"02afd56\" data-element_type=\"widget\" data-e-type=\"widget\" data-widget_type=\"text-editor.default\">\n\t\t\t\t<div class=\"elementor-widget-container\">\n\t\t\t\t\t\t\t\t\t<p>Vous avez besoin d\u2019un aper\u00e7u des probl\u00e8mes en mati\u00e8re de justice dans votre pays\u00a0?<\/p>\n\t\t\t\t\t\t\t\t<\/div>\n\t\t\t\t<\/div>\n\t\t\t\t<div class=\"elementor-element elementor-element-7bbc567 elementor-align-center elementor-widget elementor-widget-button\" data-id=\"7bbc567\" data-element_type=\"widget\" data-e-type=\"widget\" data-widget_type=\"button.default\">\n\t\t\t\t<div class=\"elementor-widget-container\">\n\t\t\t\t\t\t\t\t\t<div class=\"elementor-button-wrapper\">\n\t\t\t\t\t<a class=\"elementor-button elementor-button-link elementor-size-sm\" href=\"\/fr\/equipe\/dr-martin-gramatikov\/\">\n\t\t\t\t\t\t<span class=\"elementor-button-content-wrapper\">\n\t\t\t\t\t\t\t\t\t<span class=\"elementor-button-text\">Contacter Dr Martin Gramatikov<\/span>\n\t\t\t\t\t<\/span>\n\t\t\t\t\t<\/a>\n\t\t\t\t<\/div>\n\t\t\t\t\t\t\t\t<\/div>\n\t\t\t\t<\/div>\n\t\t\t\t\t<\/div>\n\t\t<\/div>\n\t\t\t\t\t<\/div>\n\t\t<\/section>\n\t\t\t\t<\/div>\n\t\t","protected":false},"excerpt":{"rendered":"<p>\u00c9valuer la justice D\u00e9finir les besoins des citoyens La justice, ce n\u2019est pas seulement le nombre de crimes d\u00e9clar\u00e9s. Il ne s\u2019agit pas non plus de tribunaux et de lois. Il s\u2019agit des gens du peuple. Leurs vies quotidiennes, leurs peines et leurs frustrations \u2013 et les r\u00e9sultats juridiques qu&rsquo;ils obtiennent ou pas. Voil\u00e0 pourquoi [&hellip;]<\/p>\n","protected":false},"author":1,"featured_media":0,"parent":7548,"menu_order":41,"comment_status":"closed","ping_status":"closed","template":"hiil-sub-subpage.php","meta":{"_acf_changed":false,"footnotes":""},"class_list":["post-7561","page","type-page","status-publish","hentry"],"acf":[],"yoast_head":"<!-- This site is optimized with the Yoast SEO plugin v27.3 - https:\/\/yoast.com\/product\/yoast-seo-wordpress\/ -->\n<title>\u00c9valuer la justice - HiiL<\/title>\n<meta name=\"description\" content=\"La justice, ce n\u2019est pas seulement le nombre de crimes d\u00e9clar\u00e9s. Il ne s\u2019agit pas non plus de tribunaux et de lois. Il s\u2019agit des gens du peuple. Leurs vies quotidiennes, leurs peines et leurs frustrations \u2013 et les r\u00e9sultats juridiques qu&#039;ils obtiennent ou pas.\" \/>\n<meta name=\"robots\" content=\"index, follow, max-snippet:-1, max-image-preview:large, max-video-preview:-1\" \/>\n<link rel=\"canonical\" href=\"https:\/\/www.hiil.org\/fr\/notre-travail\/evaluer-la-justice\/\" \/>\n<meta property=\"og:locale\" content=\"fr_FR\" \/>\n<meta property=\"og:type\" content=\"article\" \/>\n<meta property=\"og:title\" content=\"\u00c9valuer la justice - HiiL\" \/>\n<meta property=\"og:description\" content=\"La justice, ce n\u2019est pas seulement le nombre de crimes d\u00e9clar\u00e9s. Il ne s\u2019agit pas non plus de tribunaux et de lois. Il s\u2019agit des gens du peuple. Leurs vies quotidiennes, leurs peines et leurs frustrations \u2013 et les r\u00e9sultats juridiques qu&#039;ils obtiennent ou pas.\" \/>\n<meta property=\"og:url\" content=\"https:\/\/www.hiil.org\/fr\/notre-travail\/evaluer-la-justice\/\" \/>\n<meta property=\"og:site_name\" content=\"HiiL\" \/>\n<meta property=\"article:publisher\" content=\"https:\/\/www.facebook.com\/UserFriendlyJustice\/\" \/>\n<meta property=\"article:modified_time\" content=\"2021-01-12T12:44:41+00:00\" \/>\n<meta name=\"twitter:card\" content=\"summary_large_image\" \/>\n<meta name=\"twitter:site\" content=\"@InnoJustice\" \/>\n<meta name=\"twitter:label1\" content=\"Dur\u00e9e de lecture estim\u00e9e\" \/>\n\t<meta name=\"twitter:data1\" content=\"2 minutes\" \/>\n<script type=\"application\/ld+json\" class=\"yoast-schema-graph\">{\"@context\":\"https:\\\/\\\/schema.org\",\"@graph\":[{\"@type\":\"WebPage\",\"@id\":\"https:\\\/\\\/www.hiil.org\\\/fr\\\/notre-travail\\\/evaluer-la-justice\\\/\",\"url\":\"https:\\\/\\\/www.hiil.org\\\/fr\\\/notre-travail\\\/evaluer-la-justice\\\/\",\"name\":\"\u00c9valuer la justice - HiiL\",\"isPartOf\":{\"@id\":\"https:\\\/\\\/www.hiil.org\\\/fr\\\/#website\"},\"datePublished\":\"2020-07-12T07:16:53+00:00\",\"dateModified\":\"2021-01-12T12:44:41+00:00\",\"description\":\"La justice, ce n\u2019est pas seulement le nombre de crimes d\u00e9clar\u00e9s. Il ne s\u2019agit pas non plus de tribunaux et de lois. Il s\u2019agit des gens du peuple. Leurs vies quotidiennes, leurs peines et leurs frustrations \u2013 et les r\u00e9sultats juridiques qu'ils obtiennent ou pas.\",\"breadcrumb\":{\"@id\":\"https:\\\/\\\/www.hiil.org\\\/fr\\\/notre-travail\\\/evaluer-la-justice\\\/#breadcrumb\"},\"inLanguage\":\"fr-FR\",\"potentialAction\":[{\"@type\":\"ReadAction\",\"target\":[\"https:\\\/\\\/www.hiil.org\\\/fr\\\/notre-travail\\\/evaluer-la-justice\\\/\"]}]},{\"@type\":\"BreadcrumbList\",\"@id\":\"https:\\\/\\\/www.hiil.org\\\/fr\\\/notre-travail\\\/evaluer-la-justice\\\/#breadcrumb\",\"itemListElement\":[{\"@type\":\"ListItem\",\"position\":1,\"name\":\"Home\",\"item\":\"https:\\\/\\\/www.hiil.org\\\/fr\\\/\"},{\"@type\":\"ListItem\",\"position\":2,\"name\":\"Notre travail\",\"item\":\"https:\\\/\\\/www.hiil.org\\\/fr\\\/what-we-do\\\/\"},{\"@type\":\"ListItem\",\"position\":3,\"name\":\"\u00c9valuer la justice\"}]},{\"@type\":\"WebSite\",\"@id\":\"https:\\\/\\\/www.hiil.org\\\/fr\\\/#website\",\"url\":\"https:\\\/\\\/www.hiil.org\\\/fr\\\/\",\"name\":\"HiiL\",\"description\":\"Pour une justice ax\u00e9e sur les personnes\",\"publisher\":{\"@id\":\"https:\\\/\\\/www.hiil.org\\\/fr\\\/#organization\"},\"potentialAction\":[{\"@type\":\"SearchAction\",\"target\":{\"@type\":\"EntryPoint\",\"urlTemplate\":\"https:\\\/\\\/www.hiil.org\\\/fr\\\/?s={search_term_string}\"},\"query-input\":{\"@type\":\"PropertyValueSpecification\",\"valueRequired\":true,\"valueName\":\"search_term_string\"}}],\"inLanguage\":\"fr-FR\"},{\"@type\":\"Organization\",\"@id\":\"https:\\\/\\\/www.hiil.org\\\/fr\\\/#organization\",\"name\":\"HiiL\",\"url\":\"https:\\\/\\\/www.hiil.org\\\/fr\\\/\",\"logo\":{\"@type\":\"ImageObject\",\"inLanguage\":\"fr-FR\",\"@id\":\"https:\\\/\\\/www.hiil.org\\\/fr\\\/#\\\/schema\\\/logo\\\/image\\\/\",\"url\":\"https:\\\/\\\/www.hiil.org\\\/wp-content\\\/uploads\\\/2018\\\/06\\\/temp_logo-e1528749988588.png\",\"contentUrl\":\"https:\\\/\\\/www.hiil.org\\\/wp-content\\\/uploads\\\/2018\\\/06\\\/temp_logo-e1528749988588.png\",\"width\":112,\"height\":67,\"caption\":\"HiiL\"},\"image\":{\"@id\":\"https:\\\/\\\/www.hiil.org\\\/fr\\\/#\\\/schema\\\/logo\\\/image\\\/\"},\"sameAs\":[\"https:\\\/\\\/www.facebook.com\\\/UserFriendlyJustice\\\/\",\"https:\\\/\\\/x.com\\\/InnoJustice\",\"https:\\\/\\\/www.instagram.com\\\/userfriendlyjustice\\\/\",\"https:\\\/\\\/www.linkedin.com\\\/company\\\/hiil-hague-institute-for-internationalisation-of-law\\\/\"]}]}<\/script>\n<!-- \/ Yoast SEO plugin. -->","yoast_head_json":{"title":"\u00c9valuer la justice - HiiL","description":"La justice, ce n\u2019est pas seulement le nombre de crimes d\u00e9clar\u00e9s. Il ne s\u2019agit pas non plus de tribunaux et de lois. Il s\u2019agit des gens du peuple. Leurs vies quotidiennes, leurs peines et leurs frustrations \u2013 et les r\u00e9sultats juridiques qu'ils obtiennent ou pas.","robots":{"index":"index","follow":"follow","max-snippet":"max-snippet:-1","max-image-preview":"max-image-preview:large","max-video-preview":"max-video-preview:-1"},"canonical":"https:\/\/www.hiil.org\/fr\/notre-travail\/evaluer-la-justice\/","og_locale":"fr_FR","og_type":"article","og_title":"\u00c9valuer la justice - HiiL","og_description":"La justice, ce n\u2019est pas seulement le nombre de crimes d\u00e9clar\u00e9s. Il ne s\u2019agit pas non plus de tribunaux et de lois. Il s\u2019agit des gens du peuple. Leurs vies quotidiennes, leurs peines et leurs frustrations \u2013 et les r\u00e9sultats juridiques qu'ils obtiennent ou pas.","og_url":"https:\/\/www.hiil.org\/fr\/notre-travail\/evaluer-la-justice\/","og_site_name":"HiiL","article_publisher":"https:\/\/www.facebook.com\/UserFriendlyJustice\/","article_modified_time":"2021-01-12T12:44:41+00:00","twitter_card":"summary_large_image","twitter_site":"@InnoJustice","twitter_misc":{"Dur\u00e9e de lecture estim\u00e9e":"2 minutes"},"schema":{"@context":"https:\/\/schema.org","@graph":[{"@type":"WebPage","@id":"https:\/\/www.hiil.org\/fr\/notre-travail\/evaluer-la-justice\/","url":"https:\/\/www.hiil.org\/fr\/notre-travail\/evaluer-la-justice\/","name":"\u00c9valuer la justice - HiiL","isPartOf":{"@id":"https:\/\/www.hiil.org\/fr\/#website"},"datePublished":"2020-07-12T07:16:53+00:00","dateModified":"2021-01-12T12:44:41+00:00","description":"La justice, ce n\u2019est pas seulement le nombre de crimes d\u00e9clar\u00e9s. Il ne s\u2019agit pas non plus de tribunaux et de lois. Il s\u2019agit des gens du peuple. Leurs vies quotidiennes, leurs peines et leurs frustrations \u2013 et les r\u00e9sultats juridiques qu'ils obtiennent ou pas.","breadcrumb":{"@id":"https:\/\/www.hiil.org\/fr\/notre-travail\/evaluer-la-justice\/#breadcrumb"},"inLanguage":"fr-FR","potentialAction":[{"@type":"ReadAction","target":["https:\/\/www.hiil.org\/fr\/notre-travail\/evaluer-la-justice\/"]}]},{"@type":"BreadcrumbList","@id":"https:\/\/www.hiil.org\/fr\/notre-travail\/evaluer-la-justice\/#breadcrumb","itemListElement":[{"@type":"ListItem","position":1,"name":"Home","item":"https:\/\/www.hiil.org\/fr\/"},{"@type":"ListItem","position":2,"name":"Notre travail","item":"https:\/\/www.hiil.org\/fr\/what-we-do\/"},{"@type":"ListItem","position":3,"name":"\u00c9valuer la justice"}]},{"@type":"WebSite","@id":"https:\/\/www.hiil.org\/fr\/#website","url":"https:\/\/www.hiil.org\/fr\/","name":"HiiL","description":"Pour une justice ax\u00e9e sur les personnes","publisher":{"@id":"https:\/\/www.hiil.org\/fr\/#organization"},"potentialAction":[{"@type":"SearchAction","target":{"@type":"EntryPoint","urlTemplate":"https:\/\/www.hiil.org\/fr\/?s={search_term_string}"},"query-input":{"@type":"PropertyValueSpecification","valueRequired":true,"valueName":"search_term_string"}}],"inLanguage":"fr-FR"},{"@type":"Organization","@id":"https:\/\/www.hiil.org\/fr\/#organization","name":"HiiL","url":"https:\/\/www.hiil.org\/fr\/","logo":{"@type":"ImageObject","inLanguage":"fr-FR","@id":"https:\/\/www.hiil.org\/fr\/#\/schema\/logo\/image\/","url":"https:\/\/www.hiil.org\/wp-content\/uploads\/2018\/06\/temp_logo-e1528749988588.png","contentUrl":"https:\/\/www.hiil.org\/wp-content\/uploads\/2018\/06\/temp_logo-e1528749988588.png","width":112,"height":67,"caption":"HiiL"},"image":{"@id":"https:\/\/www.hiil.org\/fr\/#\/schema\/logo\/image\/"},"sameAs":["https:\/\/www.facebook.com\/UserFriendlyJustice\/","https:\/\/x.com\/InnoJustice","https:\/\/www.instagram.com\/userfriendlyjustice\/","https:\/\/www.linkedin.com\/company\/hiil-hague-institute-for-internationalisation-of-law\/"]}]}},"_links":{"self":[{"href":"https:\/\/www.hiil.org\/fr\/wp-json\/wp\/v2\/pages\/7561","targetHints":{"allow":["GET"]}}],"collection":[{"href":"https:\/\/www.hiil.org\/fr\/wp-json\/wp\/v2\/pages"}],"about":[{"href":"https:\/\/www.hiil.org\/fr\/wp-json\/wp\/v2\/types\/page"}],"author":[{"embeddable":true,"href":"https:\/\/www.hiil.org\/fr\/wp-json\/wp\/v2\/users\/1"}],"replies":[{"embeddable":true,"href":"https:\/\/www.hiil.org\/fr\/wp-json\/wp\/v2\/comments?post=7561"}],"version-history":[{"count":10,"href":"https:\/\/www.hiil.org\/fr\/wp-json\/wp\/v2\/pages\/7561\/revisions"}],"predecessor-version":[{"id":10085,"href":"https:\/\/www.hiil.org\/fr\/wp-json\/wp\/v2\/pages\/7561\/revisions\/10085"}],"up":[{"embeddable":true,"href":"https:\/\/www.hiil.org\/fr\/wp-json\/wp\/v2\/pages\/7548"}],"wp:attachment":[{"href":"https:\/\/www.hiil.org\/fr\/wp-json\/wp\/v2\/media?parent=7561"}],"curies":[{"name":"wp","href":"https:\/\/api.w.org\/{rel}","templated":true}]}}